{"id":5963,"date":"2021-05-05T13:22:53","date_gmt":"2021-05-05T11:22:53","guid":{"rendered":"https:\/\/movecroatia.wink.hr\/?page_id=5963"},"modified":"2021-05-05T13:22:53","modified_gmt":"2021-05-05T11:22:53","slug":"o-nama","status":"publish","type":"page","link":"https:\/\/movecroatia.com\/hr\/o-nama\/","title":{"rendered":"O nama"},"content":{"rendered":"<p style=\"text-align: center;\"><strong>Move Croatia<\/strong> je agancija specijalizirana za promet nekretninama sa sjedi\u0161tem u Splitu. Agencija je osnovana s jednim ciljem &#8211; predstavljanje modernog na\u010dina:<\/p>\n<p>&nbsp;<\/p>\n<p><img loading=\"lazy\" decoding=\"async\" class=\"size-full wp-image-5965 aligncenter\" src=\"https:\/\/movecroatia.com\/wp-content\/uploads\/2021\/05\/kupovina_i_prodaja_nekretnina_u_dalmaciji_uz_move_croatia_agenciju_za_nekretnine-1.png\" alt=\"Infografika koja obja\u0161njava kupovinu i prodaju nekretnina u Hrvatskoj.\" width=\"1920\" height=\"800\" srcset=\"https:\/\/movecroatia.com\/wp-content\/uploads\/2021\/05\/kupovina_i_prodaja_nekretnina_u_dalmaciji_uz_move_croatia_agenciju_za_nekretnine-1.png 1920w, https:\/\/movecroatia.com\/wp-content\/uploads\/2021\/05\/kupovina_i_prodaja_nekretnina_u_dalmaciji_uz_move_croatia_agenciju_za_nekretnine-1-300x125.png 300w, https:\/\/movecroatia.com\/wp-content\/uploads\/2021\/05\/kupovina_i_prodaja_nekretnina_u_dalmaciji_uz_move_croatia_agenciju_za_nekretnine-1-1024x427.png 1024w, https:\/\/movecroatia.com\/wp-content\/uploads\/2021\/05\/kupovina_i_prodaja_nekretnina_u_dalmaciji_uz_move_croatia_agenciju_za_nekretnine-1-768x320.png 768w, https:\/\/movecroatia.com\/wp-content\/uploads\/2021\/05\/kupovina_i_prodaja_nekretnina_u_dalmaciji_uz_move_croatia_agenciju_za_nekretnine-1-1536x640.png 1536w\" sizes=\"auto, (max-width: 1920px) 100vw, 1920px\" \/><\/p>\n<p>&nbsp;<\/p>\n<h2><\/h2>\n<h2 style=\"text-align: center;\">Tko smo mi?<\/h2>\n<p style=\"text-align: center;\">Move Croatia \u010dini tim istra\u017eiva\u010da, kreatora i profesionalaca koji pru\u017eaju inteligentna rje\u0161enja i iznimne rezultate u povezivanju prodava\u010da nekretnina s kupcima i investitorima \u0161irom svijeta. Strategija, tehnologija, kreativnost i timski rad su temeljni principi u na\u0161em poslovanju. Na\u0161a agencija je specijalizirana za rezidencijalne nekretnine uz more na podru\u010dju Dalmacije i otoka.<\/p>\n<div style=\"width: 790px;\" class=\"wp-video\"><video class=\"wp-video-shortcode\" id=\"video-5963-1\" width=\"790\" height=\"444\" poster=\"https:\/\/movecroatia.com\/wp-content\/uploads\/2021\/05\/why-choose-move-croatia.jpg\" preload=\"metadata\" controls=\"controls\"><source type=\"video\/mp4\" src=\"https:\/\/movecroatia.com\/wp-content\/uploads\/2021\/05\/why_sell_property_and_buy_property_with_move_croatia_nekretnine_in_split.mp4?_=1\" \/><a href=\"https:\/\/movecroatia.com\/wp-content\/uploads\/2021\/05\/why_sell_property_and_buy_property_with_move_croatia_nekretnine_in_split.mp4\">https:\/\/movecroatia.com\/wp-content\/uploads\/2021\/05\/why_sell_property_and_buy_property_with_move_croatia_nekretnine_in_split.mp4<\/a><\/video><\/div>\n<p>&nbsp;<\/p>\n<h2 style=\"text-align: center;\">Na\u0161i partneri<\/h2>\n<p style=\"text-align: center;\">Move Croatia sura\u0111uje sa \u0161irokom mre\u017eom agenata za promet nekretninama, brokera, odvjetnika i programera. Pomo\u0107u na\u0161e napredne analitike i moderne tehnologije podr\u017eavamo svoje partnere kako bismo zajedno mogli prona\u0107i nove na\u010dine za pobolj\u0161anje usluga i na koncu zadovoljstvo klijenata.<\/p>\n<p>&nbsp;<\/p>\n<h2 style=\"text-align: center;\">Na\u0161i agenti za nekretnine<\/h2>\n<p style=\"text-align: center;\">Agenti Move Croatia agencije rado \u0107e vam pomo\u0107i da postignete sve svoje ciljeve. Bilo da se radi o prodaji ili kupnji nekretnina u Hrvatskoj, na\u0161i agenti uvijek \u0107e se voditi time da va\u0161e potrebe stave na prvo mjesto. Na\u0161e vi\u0161egodi\u0161nje iskustvo u industriji nekretnina i poznavanje dalmatinske regije i primorskih nekretnina stoje vam na usluzi.<\/p>\n<p>&nbsp;<\/p>\n<p><img loading=\"lazy\" decoding=\"async\" class=\"size-full wp-image-5967 aligncenter\" src=\"https:\/\/movecroatia.com\/wp-content\/uploads\/2021\/05\/potraga_za_nekretninom_u_hrvatskoj_by_move_croatia_real_estate_agency.png\" alt=\"\" width=\"1200\" height=\"1000\" srcset=\"https:\/\/movecroatia.com\/wp-content\/uploads\/2021\/05\/potraga_za_nekretninom_u_hrvatskoj_by_move_croatia_real_estate_agency.png 1200w, https:\/\/movecroatia.com\/wp-content\/uploads\/2021\/05\/potraga_za_nekretninom_u_hrvatskoj_by_move_croatia_real_estate_agency-300x250.png 300w, https:\/\/movecroatia.com\/wp-content\/uploads\/2021\/05\/potraga_za_nekretninom_u_hrvatskoj_by_move_croatia_real_estate_agency-1024x853.png 1024w, https:\/\/movecroatia.com\/wp-content\/uploads\/2021\/05\/potraga_za_nekretninom_u_hrvatskoj_by_move_croatia_real_estate_agency-768x640.png 768w\" sizes=\"auto, (max-width: 1200px) 100vw, 1200px\" \/><\/p>\n","protected":false},"excerpt":{"rendered":"<p>Move Croatia je agancija specijalizirana za promet nekretninama sa sjedi\u0161tem u Splitu. Agencija je osnovana s jednim ciljem &#8211; predstavljanje modernog na\u010dina: &nbsp; &nbsp; Tko smo mi? Move Croatia \u010dini tim istra\u017eiva\u010da, kreatora i profesionalaca koji pru\u017eaju inteligentna rje\u0161enja i iznimne rezultate u povezivanju prodava\u010da nekretnina s kupcima i investitorima \u0161irom svijeta. Strategija, tehnologija, kreativnost [&hellip;]<\/p>\n","protected":false},"author":3,"featured_media":5949,"parent":0,"menu_order":0,"comment_status":"closed","ping_status":"closed","template":"","meta":{"_acf_changed":false,"footnotes":""},"class_list":["post-5963","page","type-page","status-publish","has-post-thumbnail","hentry"],"acf":[],"yoast_head":"<!-- This site is optimized with the Yoast SEO plugin v27.2 - https:\/\/yoast.com\/product\/yoast-seo-wordpress\/ -->\n<title>O nama - Move Croatia | Agencija za nekretnine<\/title>\n<meta name=\"description\" content=\"Na\u0161a misija je predstaviti novi na\u010din prodaje nekretnina, kupovine nekretnina ili ulaganja u nekretnine u Hrvatskoj. Tehnologijom i znanjem neprestano poku\u0161avamo pobolj\u0161ati iskustvo klijenata.\" \/>\n<meta name=\"robots\" content=\"index, follow, max-snippet:-1, max-image-preview:large, max-video-preview:-1\" \/>\n<link rel=\"canonical\" href=\"https:\/\/movecroatia.com\/hr\/o-nama\/\" \/>\n<meta property=\"og:locale\" content=\"hr_HR\" \/>\n<meta property=\"og:type\" content=\"article\" \/>\n<meta property=\"og:title\" content=\"O nama - Move Croatia | Agencija za nekretnine\" \/>\n<meta property=\"og:description\" content=\"Na\u0161a misija je predstaviti novi na\u010din prodaje nekretnina, kupovine nekretnina ili ulaganja u nekretnine u Hrvatskoj. Tehnologijom i znanjem neprestano poku\u0161avamo pobolj\u0161ati iskustvo klijenata.\" \/>\n<meta property=\"og:url\" content=\"https:\/\/movecroatia.com\/hr\/o-nama\/\" \/>\n<meta property=\"og:site_name\" content=\"Move Croatia | Real estate agency\" \/>\n<meta property=\"og:image\" content=\"https:\/\/movecroatia.com\/wp-content\/uploads\/2021\/05\/about_move_croatia_real_estate_agency_based_in_split-.png\" \/>\n\t<meta property=\"og:image:width\" content=\"1920\" \/>\n\t<meta property=\"og:image:height\" content=\"800\" \/>\n\t<meta property=\"og:image:type\" content=\"image\/png\" \/>\n<meta name=\"twitter:card\" content=\"summary_large_image\" \/>\n<meta name=\"twitter:label1\" content=\"Est. reading time\" \/>\n\t<meta name=\"twitter:data1\" content=\"2 minutes\" \/>\n<script type=\"application\/ld+json\" class=\"yoast-schema-graph\">{\"@context\":\"https:\/\/schema.org\",\"@graph\":[{\"@type\":\"WebPage\",\"@id\":\"https:\/\/movecroatia.com\/hr\/o-nama\/\",\"url\":\"https:\/\/movecroatia.com\/hr\/o-nama\/\",\"name\":\"O nama - Move Croatia | Agencija za nekretnine\",\"isPartOf\":{\"@id\":\"https:\/\/movecroatia.com\/#website\"},\"primaryImageOfPage\":{\"@id\":\"https:\/\/movecroatia.com\/hr\/o-nama\/#primaryimage\"},\"image\":{\"@id\":\"https:\/\/movecroatia.com\/hr\/o-nama\/#primaryimage\"},\"thumbnailUrl\":\"https:\/\/movecroatia.com\/wp-content\/uploads\/2021\/05\/about_move_croatia_real_estate_agency_based_in_split-.png\",\"datePublished\":\"2021-05-05T11:22:53+00:00\",\"description\":\"Na\u0161a misija je predstaviti novi na\u010din prodaje nekretnina, kupovine nekretnina ili ulaganja u nekretnine u Hrvatskoj. Tehnologijom i znanjem neprestano poku\u0161avamo pobolj\u0161ati iskustvo klijenata.\",\"breadcrumb\":{\"@id\":\"https:\/\/movecroatia.com\/hr\/o-nama\/#breadcrumb\"},\"inLanguage\":\"hr-HR\",\"potentialAction\":[{\"@type\":\"ReadAction\",\"target\":[\"https:\/\/movecroatia.com\/hr\/o-nama\/\"]}]},{\"@type\":\"ImageObject\",\"inLanguage\":\"hr-HR\",\"@id\":\"https:\/\/movecroatia.com\/hr\/o-nama\/#primaryimage\",\"url\":\"https:\/\/movecroatia.com\/wp-content\/uploads\/2021\/05\/about_move_croatia_real_estate_agency_based_in_split-.png\",\"contentUrl\":\"https:\/\/movecroatia.com\/wp-content\/uploads\/2021\/05\/about_move_croatia_real_estate_agency_based_in_split-.png\",\"width\":1920,\"height\":800},{\"@type\":\"BreadcrumbList\",\"@id\":\"https:\/\/movecroatia.com\/hr\/o-nama\/#breadcrumb\",\"itemListElement\":[{\"@type\":\"ListItem\",\"position\":1,\"name\":\"Home\",\"item\":\"https:\/\/movecroatia.com\/hr\/\"},{\"@type\":\"ListItem\",\"position\":2,\"name\":\"O nama\"}]},{\"@type\":\"WebSite\",\"@id\":\"https:\/\/movecroatia.com\/#website\",\"url\":\"https:\/\/movecroatia.com\/\",\"name\":\"Move Croatia | Real estate agency\",\"description\":\"Move Croatia is the leading real estate agency specialized in sales and marketing of properties in Croatia. Find the best properties for sale as well as property news from Croatia.\",\"potentialAction\":[{\"@type\":\"SearchAction\",\"target\":{\"@type\":\"EntryPoint\",\"urlTemplate\":\"https:\/\/movecroatia.com\/?s={search_term_string}\"},\"query-input\":{\"@type\":\"PropertyValueSpecification\",\"valueRequired\":true,\"valueName\":\"search_term_string\"}}],\"inLanguage\":\"hr-HR\"}]}<\/script>\n<!-- \/ Yoast SEO plugin. -->","yoast_head_json":{"title":"O nama - Move Croatia | Agencija za nekretnine","description":"Na\u0161a misija je predstaviti novi na\u010din prodaje nekretnina, kupovine nekretnina ili ulaganja u nekretnine u Hrvatskoj. Tehnologijom i znanjem neprestano poku\u0161avamo pobolj\u0161ati iskustvo klijenata.","robots":{"index":"index","follow":"follow","max-snippet":"max-snippet:-1","max-image-preview":"max-image-preview:large","max-video-preview":"max-video-preview:-1"},"canonical":"https:\/\/movecroatia.com\/hr\/o-nama\/","og_locale":"hr_HR","og_type":"article","og_title":"O nama - Move Croatia | Agencija za nekretnine","og_description":"Na\u0161a misija je predstaviti novi na\u010din prodaje nekretnina, kupovine nekretnina ili ulaganja u nekretnine u Hrvatskoj. Tehnologijom i znanjem neprestano poku\u0161avamo pobolj\u0161ati iskustvo klijenata.","og_url":"https:\/\/movecroatia.com\/hr\/o-nama\/","og_site_name":"Move Croatia | Real estate agency","og_image":[{"width":1920,"height":800,"url":"https:\/\/movecroatia.com\/wp-content\/uploads\/2021\/05\/about_move_croatia_real_estate_agency_based_in_split-.png","type":"image\/png"}],"twitter_card":"summary_large_image","twitter_misc":{"Est. reading time":"2 minutes"},"schema":{"@context":"https:\/\/schema.org","@graph":[{"@type":"WebPage","@id":"https:\/\/movecroatia.com\/hr\/o-nama\/","url":"https:\/\/movecroatia.com\/hr\/o-nama\/","name":"O nama - Move Croatia | Agencija za nekretnine","isPartOf":{"@id":"https:\/\/movecroatia.com\/#website"},"primaryImageOfPage":{"@id":"https:\/\/movecroatia.com\/hr\/o-nama\/#primaryimage"},"image":{"@id":"https:\/\/movecroatia.com\/hr\/o-nama\/#primaryimage"},"thumbnailUrl":"https:\/\/movecroatia.com\/wp-content\/uploads\/2021\/05\/about_move_croatia_real_estate_agency_based_in_split-.png","datePublished":"2021-05-05T11:22:53+00:00","description":"Na\u0161a misija je predstaviti novi na\u010din prodaje nekretnina, kupovine nekretnina ili ulaganja u nekretnine u Hrvatskoj. Tehnologijom i znanjem neprestano poku\u0161avamo pobolj\u0161ati iskustvo klijenata.","breadcrumb":{"@id":"https:\/\/movecroatia.com\/hr\/o-nama\/#breadcrumb"},"inLanguage":"hr-HR","potentialAction":[{"@type":"ReadAction","target":["https:\/\/movecroatia.com\/hr\/o-nama\/"]}]},{"@type":"ImageObject","inLanguage":"hr-HR","@id":"https:\/\/movecroatia.com\/hr\/o-nama\/#primaryimage","url":"https:\/\/movecroatia.com\/wp-content\/uploads\/2021\/05\/about_move_croatia_real_estate_agency_based_in_split-.png","contentUrl":"https:\/\/movecroatia.com\/wp-content\/uploads\/2021\/05\/about_move_croatia_real_estate_agency_based_in_split-.png","width":1920,"height":800},{"@type":"BreadcrumbList","@id":"https:\/\/movecroatia.com\/hr\/o-nama\/#breadcrumb","itemListElement":[{"@type":"ListItem","position":1,"name":"Home","item":"https:\/\/movecroatia.com\/hr\/"},{"@type":"ListItem","position":2,"name":"O nama"}]},{"@type":"WebSite","@id":"https:\/\/movecroatia.com\/#website","url":"https:\/\/movecroatia.com\/","name":"Move Croatia | Real estate agency","description":"Move Croatia is the leading real estate agency specialized in sales and marketing of properties in Croatia. Find the best properties for sale as well as property news from Croatia.","potentialAction":[{"@type":"SearchAction","target":{"@type":"EntryPoint","urlTemplate":"https:\/\/movecroatia.com\/?s={search_term_string}"},"query-input":{"@type":"PropertyValueSpecification","valueRequired":true,"valueName":"search_term_string"}}],"inLanguage":"hr-HR"}]}},"_links":{"self":[{"href":"https:\/\/movecroatia.com\/hr\/wp-json\/wp\/v2\/pages\/5963","targetHints":{"allow":["GET"]}}],"collection":[{"href":"https:\/\/movecroatia.com\/hr\/wp-json\/wp\/v2\/pages"}],"about":[{"href":"https:\/\/movecroatia.com\/hr\/wp-json\/wp\/v2\/types\/page"}],"author":[{"embeddable":true,"href":"https:\/\/movecroatia.com\/hr\/wp-json\/wp\/v2\/users\/3"}],"replies":[{"embeddable":true,"href":"https:\/\/movecroatia.com\/hr\/wp-json\/wp\/v2\/comments?post=5963"}],"version-history":[{"count":2,"href":"https:\/\/movecroatia.com\/hr\/wp-json\/wp\/v2\/pages\/5963\/revisions"}],"predecessor-version":[{"id":5969,"href":"https:\/\/movecroatia.com\/hr\/wp-json\/wp\/v2\/pages\/5963\/revisions\/5969"}],"wp:featuredmedia":[{"embeddable":true,"href":"https:\/\/movecroatia.com\/hr\/wp-json\/wp\/v2\/media\/5949"}],"wp:attachment":[{"href":"https:\/\/movecroatia.com\/hr\/wp-json\/wp\/v2\/media?parent=5963"}],"curies":[{"name":"wp","href":"https:\/\/api.w.org\/{rel}","templated":true}]}}