{"id":5976,"date":"2021-05-05T14:55:44","date_gmt":"2021-05-05T12:55:44","guid":{"rendered":"https:\/\/movecroatia.wink.hr\/?page_id=5976"},"modified":"2021-05-05T14:55:44","modified_gmt":"2021-05-05T12:55:44","slug":"trazimo-za-vas","status":"publish","type":"page","link":"https:\/\/movecroatia.com\/hr\/trazimo-za-vas\/","title":{"rendered":"Tra\u017eimo za Vas"},"content":{"rendered":"<h2 style=\"text-align: center;\">Bez obzira na to jeste li:<\/h2>\n<p><img loading=\"lazy\" decoding=\"async\" class=\"alignnone size-full wp-image-5977\" src=\"https:\/\/movecroatia.com\/wp-content\/uploads\/2021\/05\/potraga_za_nekretninom_u_hrvatskoj_by_move_croatia_real_estate_agency-2.png\" alt=\"Infografika koja obja\u0161njava investiranje i kupovinu nekretnina u Hrvatskoj.\" width=\"1200\" height=\"1000\" srcset=\"https:\/\/movecroatia.com\/wp-content\/uploads\/2021\/05\/potraga_za_nekretninom_u_hrvatskoj_by_move_croatia_real_estate_agency-2.png 1200w, https:\/\/movecroatia.com\/wp-content\/uploads\/2021\/05\/potraga_za_nekretninom_u_hrvatskoj_by_move_croatia_real_estate_agency-2-300x250.png 300w, https:\/\/movecroatia.com\/wp-content\/uploads\/2021\/05\/potraga_za_nekretninom_u_hrvatskoj_by_move_croatia_real_estate_agency-2-1024x853.png 1024w, https:\/\/movecroatia.com\/wp-content\/uploads\/2021\/05\/potraga_za_nekretninom_u_hrvatskoj_by_move_croatia_real_estate_agency-2-768x640.png 768w\" sizes=\"auto, (max-width: 1200px) 100vw, 1200px\" \/><\/p>\n<p>Kupnja nekretnine u stranoj zemlji uvijek \u0107e biti jedna od najve\u0107ih financijskih obveza s kojom \u0107ete se ikad susresti. Iz tog razloga va\u017eno je anga\u017eirati profesionalce koji \u0107e vas voditi i zastupati tijekom postupka kupnje, pogotovo ako kupujete u stranoj zemlji prvi put. Tra\u017eenje novih nekretnina je na\u0161a specijalnost, i bilo bi nam drago kada bismo Vam pomogli u pronala\u017eenju idealnog doma u Hrvatskoj.<\/p>\n<p>Jednostavno nam recite koji su va\u0161i zahtjevi, a mi \u0107emo poku\u0161ati prona\u0107i to\u010dno ono \u0161to tra\u017eite. Ako ste otvoreni za prijedloge, tako\u0111er mo\u017eemo savjetovati najbolje opcije ovisno o Va\u0161im ciljevima. Mo\u017eemo se pobrinuti za svaku fazu postupka pretra\u017eivanja i nabave za vas. Mo\u017eete to\u010dno odrediti koliko \u017eelite biti uklju\u010deni u proces.<\/p>\n<p>&nbsp;<\/p>\n<h3>MRE\u017dA LOKALNIH KONTAKATA<\/h3>\n<p>Mnogi prodava\u010di nekretnina u Hrvatskoj jo\u0161 uvijek ne \u017eele otvoreno reklamirati svoje nekretnine. Tako\u0111er, u Hrvatskoj jo\u0161 uvijek postoji tradicija prodaje nekretnina po principu &#8220;usmene preporuke&#8221;, pogotovo kada se radi o starijoj generaciji. Upravo zato smo izgradili privatnu mre\u017eu lokalnih kontakata koji nas dobro informiraju o tome koji su vlasnici zainteresirani za prodaju.<\/p>\n<p>&nbsp;<\/p>\n<h3>KOMPLETNA USLUGA<\/h3>\n<p>U Move Croatia agenciji pru\u017eamo potpuno integriranu uslugu i upravljamo cjelokupnim postupkom umjesto vas. Slobodno mo\u017eete koristiti bilo kojeg vlastitog profesionalnog savjetnika kao \u0161to su odvjetnici, ra\u010dunovo\u0111e itd., ili \u0107emo vas upoznati s na\u0161im ako to zatra\u017eite. Tijekom cijelog postupka pretra\u017eivanja i akvizicije povezujemo se sa svim stranama kako bismo u radu bili u\u010dinkovitiji i transparentniji.<\/p>\n<p>&nbsp;<\/p>\n<h3>TRANSPARENTNOST<\/h3>\n<p>Jednom kada dogovorimo naknadu za tra\u017eenje va\u0161e idealne nekretnine, radit \u0107emo isklju\u010divo za vas. Nikada ne prihva\u0107amo niti preuzimamo naknade od bilo koje druge strane, tako da mo\u017eete biti sigurni da uvijek djelujemo u va\u0161em najboljem interesu i s potpunim integritetom.<\/p>\n<p>&nbsp;<\/p>\n<h3>DETALJNO ISTRA\u017dIVANJE<\/h3>\n<p>U Hrvatskoj jo\u0161 uvijek postoje neke nekretnine koje imaju pravne probleme s vlasni\u0161tvom ili gra\u0111evinskom dozvolom. Iako se ti problemi postupno rje\u0161avaju izmjenama zakona, ipak ima zamki na koje treba paziti. Pobrinut \u0107emo se da je svaka nekretnina u potpunosti provjerena prije potpisivanja bilo kakvih ugovora.<\/p>\n<p>&nbsp;<\/p>\n<h3>U\u0160TEDITE NOVAC<\/h3>\n<p>Na\u0161i agenti su stru\u010dni pregovara\u010di. Sve strane znaju da predstavljamo samo ozbiljne kupce. Uvijek \u0107emo osigurati da platite najbolju mogu\u0107u cijenu u skladu s tr\u017ei\u0161nim uvjetima.<\/p>\n<p>&nbsp;<\/p>\n<h3>INVESTICIJE<\/h3>\n<p>Kao agenti, u stalnom smo kontaktu s nizom investitora koji nas informiraju o svojim budu\u0107im planovima i onome \u0161to \u0107e graditi. Budu\u0107i da u Hrvatskoj mo\u017ee biti te\u0161ko dobiti financijsku potporu za izgradnju novih nekretnina, \u010desta je praksa da investitori kupcima ponude popust u fazi prije izgradnje objekta, kako bi mogao u kona\u010dnici financirati izgradnju ili kako bi ispunio financijske obveze prema banci.<\/p>\n<p>S druge strane mnogi investitori tra\u017ee partnere u projektu, te tako mogu ponuditi izgra\u0111eni objekt i povrat investicije.<\/p>\n<p>&nbsp;<\/p>\n","protected":false},"excerpt":{"rendered":"<p>Bez obzira na to jeste li: Kupnja nekretnine u stranoj zemlji uvijek \u0107e biti jedna od najve\u0107ih financijskih obveza s kojom \u0107ete se ikad susresti. Iz tog razloga va\u017eno je anga\u017eirati profesionalce koji \u0107e vas voditi i zastupati tijekom postupka kupnje, pogotovo ako kupujete u stranoj zemlji prvi put. Tra\u017eenje novih nekretnina je na\u0161a specijalnost, [&hellip;]<\/p>\n","protected":false},"author":3,"featured_media":5971,"parent":0,"menu_order":0,"comment_status":"closed","ping_status":"closed","template":"service.php","meta":{"_acf_changed":false,"footnotes":""},"class_list":["post-5976","page","type-page","status-publish","has-post-thumbnail","hentry"],"acf":[],"yoast_head":"<!-- This site is optimized with the Yoast SEO plugin v27.2 - https:\/\/yoast.com\/product\/yoast-seo-wordpress\/ -->\n<title>Tra\u017eimo za Vas - Move Croatia | Real estate agency<\/title>\n<meta name=\"robots\" content=\"index, follow, max-snippet:-1, max-image-preview:large, max-video-preview:-1\" \/>\n<link rel=\"canonical\" href=\"https:\/\/movecroatia.com\/hr\/trazimo-za-vas\/\" \/>\n<meta property=\"og:locale\" content=\"hr_HR\" \/>\n<meta property=\"og:type\" content=\"article\" \/>\n<meta property=\"og:title\" content=\"Tra\u017eimo za Vas - Move Croatia | Real estate agency\" \/>\n<meta property=\"og:description\" content=\"Bez obzira na to jeste li: Kupnja nekretnine u stranoj zemlji uvijek \u0107e biti jedna od najve\u0107ih financijskih obveza s kojom \u0107ete se ikad susresti. Iz tog razloga va\u017eno je anga\u017eirati profesionalce koji \u0107e vas voditi i zastupati tijekom postupka kupnje, pogotovo ako kupujete u stranoj zemlji prvi put. Tra\u017eenje novih nekretnina je na\u0161a specijalnost, [&hellip;]\" \/>\n<meta property=\"og:url\" content=\"https:\/\/movecroatia.com\/hr\/trazimo-za-vas\/\" \/>\n<meta property=\"og:site_name\" content=\"Move Croatia | Real estate agency\" \/>\n<meta property=\"og:image\" content=\"https:\/\/movecroatia.com\/wp-content\/uploads\/2021\/05\/we_search_real_estate_in_croatia_for_you.png\" \/>\n\t<meta property=\"og:image:width\" content=\"1920\" \/>\n\t<meta property=\"og:image:height\" content=\"800\" \/>\n\t<meta property=\"og:image:type\" content=\"image\/png\" \/>\n<meta name=\"twitter:card\" content=\"summary_large_image\" \/>\n<meta name=\"twitter:label1\" content=\"Est. reading time\" \/>\n\t<meta name=\"twitter:data1\" content=\"3 minutes\" \/>\n<script type=\"application\/ld+json\" class=\"yoast-schema-graph\">{\"@context\":\"https:\/\/schema.org\",\"@graph\":[{\"@type\":\"WebPage\",\"@id\":\"https:\/\/movecroatia.com\/hr\/trazimo-za-vas\/\",\"url\":\"https:\/\/movecroatia.com\/hr\/trazimo-za-vas\/\",\"name\":\"Tra\u017eimo za Vas - Move Croatia | Real estate agency\",\"isPartOf\":{\"@id\":\"https:\/\/movecroatia.com\/#website\"},\"primaryImageOfPage\":{\"@id\":\"https:\/\/movecroatia.com\/hr\/trazimo-za-vas\/#primaryimage\"},\"image\":{\"@id\":\"https:\/\/movecroatia.com\/hr\/trazimo-za-vas\/#primaryimage\"},\"thumbnailUrl\":\"https:\/\/movecroatia.com\/wp-content\/uploads\/2021\/05\/we_search_real_estate_in_croatia_for_you.png\",\"datePublished\":\"2021-05-05T12:55:44+00:00\",\"breadcrumb\":{\"@id\":\"https:\/\/movecroatia.com\/hr\/trazimo-za-vas\/#breadcrumb\"},\"inLanguage\":\"hr-HR\",\"potentialAction\":[{\"@type\":\"ReadAction\",\"target\":[\"https:\/\/movecroatia.com\/hr\/trazimo-za-vas\/\"]}]},{\"@type\":\"ImageObject\",\"inLanguage\":\"hr-HR\",\"@id\":\"https:\/\/movecroatia.com\/hr\/trazimo-za-vas\/#primaryimage\",\"url\":\"https:\/\/movecroatia.com\/wp-content\/uploads\/2021\/05\/we_search_real_estate_in_croatia_for_you.png\",\"contentUrl\":\"https:\/\/movecroatia.com\/wp-content\/uploads\/2021\/05\/we_search_real_estate_in_croatia_for_you.png\",\"width\":1920,\"height\":800},{\"@type\":\"BreadcrumbList\",\"@id\":\"https:\/\/movecroatia.com\/hr\/trazimo-za-vas\/#breadcrumb\",\"itemListElement\":[{\"@type\":\"ListItem\",\"position\":1,\"name\":\"Home\",\"item\":\"https:\/\/movecroatia.com\/hr\/\"},{\"@type\":\"ListItem\",\"position\":2,\"name\":\"Tra\u017eimo za Vas\"}]},{\"@type\":\"WebSite\",\"@id\":\"https:\/\/movecroatia.com\/#website\",\"url\":\"https:\/\/movecroatia.com\/\",\"name\":\"Move Croatia | Real estate agency\",\"description\":\"Move Croatia is the leading real estate agency specialized in sales and marketing of properties in Croatia. Find the best properties for sale as well as property news from Croatia.\",\"potentialAction\":[{\"@type\":\"SearchAction\",\"target\":{\"@type\":\"EntryPoint\",\"urlTemplate\":\"https:\/\/movecroatia.com\/?s={search_term_string}\"},\"query-input\":{\"@type\":\"PropertyValueSpecification\",\"valueRequired\":true,\"valueName\":\"search_term_string\"}}],\"inLanguage\":\"hr-HR\"}]}<\/script>\n<!-- \/ Yoast SEO plugin. -->","yoast_head_json":{"title":"Tra\u017eimo za Vas - Move Croatia | Real estate agency","robots":{"index":"index","follow":"follow","max-snippet":"max-snippet:-1","max-image-preview":"max-image-preview:large","max-video-preview":"max-video-preview:-1"},"canonical":"https:\/\/movecroatia.com\/hr\/trazimo-za-vas\/","og_locale":"hr_HR","og_type":"article","og_title":"Tra\u017eimo za Vas - Move Croatia | Real estate agency","og_description":"Bez obzira na to jeste li: Kupnja nekretnine u stranoj zemlji uvijek \u0107e biti jedna od najve\u0107ih financijskih obveza s kojom \u0107ete se ikad susresti. Iz tog razloga va\u017eno je anga\u017eirati profesionalce koji \u0107e vas voditi i zastupati tijekom postupka kupnje, pogotovo ako kupujete u stranoj zemlji prvi put. Tra\u017eenje novih nekretnina je na\u0161a specijalnost, [&hellip;]","og_url":"https:\/\/movecroatia.com\/hr\/trazimo-za-vas\/","og_site_name":"Move Croatia | Real estate agency","og_image":[{"width":1920,"height":800,"url":"https:\/\/movecroatia.com\/wp-content\/uploads\/2021\/05\/we_search_real_estate_in_croatia_for_you.png","type":"image\/png"}],"twitter_card":"summary_large_image","twitter_misc":{"Est. reading time":"3 minutes"},"schema":{"@context":"https:\/\/schema.org","@graph":[{"@type":"WebPage","@id":"https:\/\/movecroatia.com\/hr\/trazimo-za-vas\/","url":"https:\/\/movecroatia.com\/hr\/trazimo-za-vas\/","name":"Tra\u017eimo za Vas - Move Croatia | Real estate agency","isPartOf":{"@id":"https:\/\/movecroatia.com\/#website"},"primaryImageOfPage":{"@id":"https:\/\/movecroatia.com\/hr\/trazimo-za-vas\/#primaryimage"},"image":{"@id":"https:\/\/movecroatia.com\/hr\/trazimo-za-vas\/#primaryimage"},"thumbnailUrl":"https:\/\/movecroatia.com\/wp-content\/uploads\/2021\/05\/we_search_real_estate_in_croatia_for_you.png","datePublished":"2021-05-05T12:55:44+00:00","breadcrumb":{"@id":"https:\/\/movecroatia.com\/hr\/trazimo-za-vas\/#breadcrumb"},"inLanguage":"hr-HR","potentialAction":[{"@type":"ReadAction","target":["https:\/\/movecroatia.com\/hr\/trazimo-za-vas\/"]}]},{"@type":"ImageObject","inLanguage":"hr-HR","@id":"https:\/\/movecroatia.com\/hr\/trazimo-za-vas\/#primaryimage","url":"https:\/\/movecroatia.com\/wp-content\/uploads\/2021\/05\/we_search_real_estate_in_croatia_for_you.png","contentUrl":"https:\/\/movecroatia.com\/wp-content\/uploads\/2021\/05\/we_search_real_estate_in_croatia_for_you.png","width":1920,"height":800},{"@type":"BreadcrumbList","@id":"https:\/\/movecroatia.com\/hr\/trazimo-za-vas\/#breadcrumb","itemListElement":[{"@type":"ListItem","position":1,"name":"Home","item":"https:\/\/movecroatia.com\/hr\/"},{"@type":"ListItem","position":2,"name":"Tra\u017eimo za Vas"}]},{"@type":"WebSite","@id":"https:\/\/movecroatia.com\/#website","url":"https:\/\/movecroatia.com\/","name":"Move Croatia | Real estate agency","description":"Move Croatia is the leading real estate agency specialized in sales and marketing of properties in Croatia. Find the best properties for sale as well as property news from Croatia.","potentialAction":[{"@type":"SearchAction","target":{"@type":"EntryPoint","urlTemplate":"https:\/\/movecroatia.com\/?s={search_term_string}"},"query-input":{"@type":"PropertyValueSpecification","valueRequired":true,"valueName":"search_term_string"}}],"inLanguage":"hr-HR"}]}},"_links":{"self":[{"href":"https:\/\/movecroatia.com\/hr\/wp-json\/wp\/v2\/pages\/5976","targetHints":{"allow":["GET"]}}],"collection":[{"href":"https:\/\/movecroatia.com\/hr\/wp-json\/wp\/v2\/pages"}],"about":[{"href":"https:\/\/movecroatia.com\/hr\/wp-json\/wp\/v2\/types\/page"}],"author":[{"embeddable":true,"href":"https:\/\/movecroatia.com\/hr\/wp-json\/wp\/v2\/users\/3"}],"replies":[{"embeddable":true,"href":"https:\/\/movecroatia.com\/hr\/wp-json\/wp\/v2\/comments?post=5976"}],"version-history":[{"count":1,"href":"https:\/\/movecroatia.com\/hr\/wp-json\/wp\/v2\/pages\/5976\/revisions"}],"predecessor-version":[{"id":5979,"href":"https:\/\/movecroatia.com\/hr\/wp-json\/wp\/v2\/pages\/5976\/revisions\/5979"}],"wp:featuredmedia":[{"embeddable":true,"href":"https:\/\/movecroatia.com\/hr\/wp-json\/wp\/v2\/media\/5971"}],"wp:attachment":[{"href":"https:\/\/movecroatia.com\/hr\/wp-json\/wp\/v2\/media?parent=5976"}],"curies":[{"name":"wp","href":"https:\/\/api.w.org\/{rel}","templated":true}]}}