{"id":5997,"date":"2021-05-06T11:39:09","date_gmt":"2021-05-06T09:39:09","guid":{"rendered":"https:\/\/movecroatia.wink.hr\/?page_id=5997"},"modified":"2021-05-06T11:39:09","modified_gmt":"2021-05-06T09:39:09","slug":"marketing","status":"publish","type":"page","link":"https:\/\/movecroatia.com\/hr\/marketing\/","title":{"rendered":"Marketing"},"content":{"rendered":"<p style=\"text-align: center;\">Na\u0161 marketin\u0161ki cilj je da posti\u0107i maksimalnu izlo\u017eenost Va\u0161e nekretnine publici u inozemstvu. Koriste\u0107i lokalnu stru\u010dnost i kombiniraju\u0107i je s najmodernijom tehnologijom, nastojimo oglasiti predstaviti Va\u0161u nekretninu na najbolji mogu\u0107i na\u010din i posti\u0107i maksimalnu vrijednost.<\/p>\n<p>&nbsp;<\/p>\n<p><img loading=\"lazy\" decoding=\"async\" class=\"wp-image-5998 size-full aligncenter\" src=\"https:\/\/movecroatia.com\/wp-content\/uploads\/2021\/05\/marketing_i_prodaja_nekretnina_u_inozemstvu.png\" alt=\"Infografika usluga ogla\u0161avanja i marketinga nekretnina u Hrvatskoj.\" width=\"1920\" height=\"800\" srcset=\"https:\/\/movecroatia.com\/wp-content\/uploads\/2021\/05\/marketing_i_prodaja_nekretnina_u_inozemstvu.png 1920w, https:\/\/movecroatia.com\/wp-content\/uploads\/2021\/05\/marketing_i_prodaja_nekretnina_u_inozemstvu-300x125.png 300w, https:\/\/movecroatia.com\/wp-content\/uploads\/2021\/05\/marketing_i_prodaja_nekretnina_u_inozemstvu-1024x427.png 1024w, https:\/\/movecroatia.com\/wp-content\/uploads\/2021\/05\/marketing_i_prodaja_nekretnina_u_inozemstvu-768x320.png 768w, https:\/\/movecroatia.com\/wp-content\/uploads\/2021\/05\/marketing_i_prodaja_nekretnina_u_inozemstvu-1536x640.png 1536w\" sizes=\"auto, (max-width: 1920px) 100vw, 1920px\" \/><\/p>\n<p>&nbsp;<\/p>\n<h3>MODERNA WEB STRANICA<\/h3>\n<p>Kao dio na\u0161e stalne predanosti pru\u017eanju najboljih mogu\u0107ih usluga na\u0161im klijentima, imamo jednu od najnaprednijih web stranica s tisu\u0107ama posjetitelja mjese\u010dno. Web stranica ima napredne alate za pretra\u017eivanje koji poma\u017eu ljudima da prona\u0111u nekretninu koja odgovara njihovim zahtjevima. Move Croatia web stranica igra klju\u010dnu ulogu u profesionalnom marketingu va\u0161e nekretnine.<\/p>\n<p>&nbsp;<\/p>\n<h3>PROFESIONALNE BRO\u0160URE<\/h3>\n<p>Izrada visokokvalitetnih bro\u0161ura s detaljima o nekretnini \u010dini veliku razliku u prezentaciji. One omogu\u0107uju potencijalnom kupcu da vizualizira sebe u ku\u0107i ili stanu kojeg prodajete.<\/p>\n<p>&nbsp;<\/p>\n<h3>TLOCRTI I 3D VIZUALIZACIJE<\/h3>\n<p>Uvijek savjetujemo prodava\u010de da pripreme tlocrte nekretnine kako bi potencijalnim kupcima omogu\u0107ili vizualizaciju prostora. Uz pomo\u0107 tlocrta mo\u017ee se stvoriti i 3D projekcija prostora, \u0161to omogu\u0107uje kupcima da se u potpunosti pove\u017eu s va\u0161om nekretninom i vizualiziraju gdje bi postavili svoj namje\u0161taj jednom kad kupe va\u0161u nekretninu.<\/p>\n<p>&nbsp;<\/p>\n<h3>OGLA\u0160AVANJE U SPECIJALIZIRANIM \u010cASOPISIMA<\/h3>\n<p>Move Croatia ima partnerske odnose s tradicionalnim medijima. Tako\u0111er radimo s PR tvrtkama na promociji Hrvatske kao po\u017eeljne destinacije za \u017eivot pri \u010demu promoviramo i nekretnine.<\/p>\n<p>&nbsp;<\/p>\n<h3>PARTNERSKI PORTALI<\/h3>\n<p>97% svih pretra\u017eivanja nekretnina zapo\u010dinje putem interneta. Iz tog razloga konstantno ula\u017eemo u bolju izlo\u017eenost nekretnina kroz partnerske odnose s me\u0111unarodnim portalima specijaliziranim za nekretnine. Neki od tih portala su Rightmove, Zoopla i Primelocation iz Velike Britanije.<\/p>\n<p>&nbsp;<\/p>\n<h3>PROFESIONALNA FOTOGRAFIJA<\/h3>\n<p>60% potencijalnih kupaca najvi\u0161e vremena provodi gledaju\u0107i fotografije nekretnine. Tek 20% ih pro\u010dita opis unutar oglasa. Upravo zato svaka nekretnina mora imati visokokvalitetne fotografije. Iz tog razloga, klijentima koji nemaju visoko-kvalitetne fotografije, nudimo besplatnu uslugu snimanja fotografija.<\/p>\n<p>&nbsp;<\/p>\n<h3>KONFERENCIJE<\/h3>\n<p>\u010cesto posje\u0107ujemo sajmove i konferencije kako bismo Hrvatsku promovirali stranim investitorima.<\/p>\n<p>&nbsp;<\/p>\n<h3>EMAIL OBAVIJESTI<\/h3>\n<p>U trenutku kada objavimo Va\u0161u nekretninu na web stranici, podatke \u0161aljemo odre\u0111enom broju registriranih kupaca iz na\u0161e baze podataka koji imaju sli\u010dne kriterije kao i opis nekretnine.<\/p>\n<p>&nbsp;<\/p>\n<p>&nbsp;<\/p>\n","protected":false},"excerpt":{"rendered":"<p>Na\u0161 marketin\u0161ki cilj je da posti\u0107i maksimalnu izlo\u017eenost Va\u0161e nekretnine publici u inozemstvu. Koriste\u0107i lokalnu stru\u010dnost i kombiniraju\u0107i je s najmodernijom tehnologijom, nastojimo oglasiti predstaviti Va\u0161u nekretninu na najbolji mogu\u0107i na\u010din i posti\u0107i maksimalnu vrijednost. &nbsp; &nbsp; MODERNA WEB STRANICA Kao dio na\u0161e stalne predanosti pru\u017eanju najboljih mogu\u0107ih usluga na\u0161im klijentima, imamo jednu od najnaprednijih [&hellip;]<\/p>\n","protected":false},"author":3,"featured_media":5988,"parent":0,"menu_order":0,"comment_status":"closed","ping_status":"closed","template":"service.php","meta":{"_acf_changed":false,"footnotes":""},"class_list":["post-5997","page","type-page","status-publish","has-post-thumbnail","hentry"],"acf":[],"yoast_head":"<!-- This site is optimized with the Yoast SEO plugin v27.2 - https:\/\/yoast.com\/product\/yoast-seo-wordpress\/ -->\n<title>Marketing i ogla\u0161avanje nekretnina Move Croatia | Real estate agency<\/title>\n<meta name=\"robots\" content=\"index, follow, max-snippet:-1, max-image-preview:large, max-video-preview:-1\" \/>\n<link rel=\"canonical\" href=\"https:\/\/movecroatia.com\/hr\/marketing\/\" \/>\n<meta property=\"og:locale\" content=\"hr_HR\" \/>\n<meta property=\"og:type\" content=\"article\" \/>\n<meta property=\"og:title\" content=\"Marketing i ogla\u0161avanje nekretnina Move Croatia | Real estate agency\" \/>\n<meta property=\"og:description\" content=\"Na\u0161 marketin\u0161ki cilj je da posti\u0107i maksimalnu izlo\u017eenost Va\u0161e nekretnine publici u inozemstvu. Koriste\u0107i lokalnu stru\u010dnost i kombiniraju\u0107i je s najmodernijom tehnologijom, nastojimo oglasiti predstaviti Va\u0161u nekretninu na najbolji mogu\u0107i na\u010din i posti\u0107i maksimalnu vrijednost. &nbsp; &nbsp; MODERNA WEB STRANICA Kao dio na\u0161e stalne predanosti pru\u017eanju najboljih mogu\u0107ih usluga na\u0161im klijentima, imamo jednu od najnaprednijih [&hellip;]\" \/>\n<meta property=\"og:url\" content=\"https:\/\/movecroatia.com\/hr\/marketing\/\" \/>\n<meta property=\"og:site_name\" content=\"Move Croatia | Real estate agency\" \/>\n<meta property=\"og:image\" content=\"https:\/\/movecroatia.com\/wp-content\/uploads\/2021\/05\/how_we_market_your_real_estate_in_croatia.png\" \/>\n\t<meta property=\"og:image:width\" content=\"1920\" \/>\n\t<meta property=\"og:image:height\" content=\"800\" \/>\n\t<meta property=\"og:image:type\" content=\"image\/png\" \/>\n<meta name=\"twitter:card\" content=\"summary_large_image\" \/>\n<meta name=\"twitter:label1\" content=\"Est. reading time\" \/>\n\t<meta name=\"twitter:data1\" content=\"2 minutes\" \/>\n<script type=\"application\/ld+json\" class=\"yoast-schema-graph\">{\"@context\":\"https:\/\/schema.org\",\"@graph\":[{\"@type\":\"WebPage\",\"@id\":\"https:\/\/movecroatia.com\/hr\/marketing\/\",\"url\":\"https:\/\/movecroatia.com\/hr\/marketing\/\",\"name\":\"Marketing i ogla\u0161avanje nekretnina Move Croatia | Real estate agency\",\"isPartOf\":{\"@id\":\"https:\/\/movecroatia.com\/#website\"},\"primaryImageOfPage\":{\"@id\":\"https:\/\/movecroatia.com\/hr\/marketing\/#primaryimage\"},\"image\":{\"@id\":\"https:\/\/movecroatia.com\/hr\/marketing\/#primaryimage\"},\"thumbnailUrl\":\"https:\/\/movecroatia.com\/wp-content\/uploads\/2021\/05\/how_we_market_your_real_estate_in_croatia.png\",\"datePublished\":\"2021-05-06T09:39:09+00:00\",\"breadcrumb\":{\"@id\":\"https:\/\/movecroatia.com\/hr\/marketing\/#breadcrumb\"},\"inLanguage\":\"hr-HR\",\"potentialAction\":[{\"@type\":\"ReadAction\",\"target\":[\"https:\/\/movecroatia.com\/hr\/marketing\/\"]}]},{\"@type\":\"ImageObject\",\"inLanguage\":\"hr-HR\",\"@id\":\"https:\/\/movecroatia.com\/hr\/marketing\/#primaryimage\",\"url\":\"https:\/\/movecroatia.com\/wp-content\/uploads\/2021\/05\/how_we_market_your_real_estate_in_croatia.png\",\"contentUrl\":\"https:\/\/movecroatia.com\/wp-content\/uploads\/2021\/05\/how_we_market_your_real_estate_in_croatia.png\",\"width\":1920,\"height\":800,\"caption\":\"Marketing i ogla\u0161avanje nekretnina uz Move Croatia agenciju za nekretnine.\"},{\"@type\":\"BreadcrumbList\",\"@id\":\"https:\/\/movecroatia.com\/hr\/marketing\/#breadcrumb\",\"itemListElement\":[{\"@type\":\"ListItem\",\"position\":1,\"name\":\"Home\",\"item\":\"https:\/\/movecroatia.com\/hr\/\"},{\"@type\":\"ListItem\",\"position\":2,\"name\":\"Marketing\"}]},{\"@type\":\"WebSite\",\"@id\":\"https:\/\/movecroatia.com\/#website\",\"url\":\"https:\/\/movecroatia.com\/\",\"name\":\"Move Croatia | Real estate agency\",\"description\":\"Move Croatia is the leading real estate agency specialized in sales and marketing of properties in Croatia. Find the best properties for sale as well as property news from Croatia.\",\"potentialAction\":[{\"@type\":\"SearchAction\",\"target\":{\"@type\":\"EntryPoint\",\"urlTemplate\":\"https:\/\/movecroatia.com\/?s={search_term_string}\"},\"query-input\":{\"@type\":\"PropertyValueSpecification\",\"valueRequired\":true,\"valueName\":\"search_term_string\"}}],\"inLanguage\":\"hr-HR\"}]}<\/script>\n<!-- \/ Yoast SEO plugin. -->","yoast_head_json":{"title":"Marketing i ogla\u0161avanje nekretnina Move Croatia | Real estate agency","robots":{"index":"index","follow":"follow","max-snippet":"max-snippet:-1","max-image-preview":"max-image-preview:large","max-video-preview":"max-video-preview:-1"},"canonical":"https:\/\/movecroatia.com\/hr\/marketing\/","og_locale":"hr_HR","og_type":"article","og_title":"Marketing i ogla\u0161avanje nekretnina Move Croatia | Real estate agency","og_description":"Na\u0161 marketin\u0161ki cilj je da posti\u0107i maksimalnu izlo\u017eenost Va\u0161e nekretnine publici u inozemstvu. Koriste\u0107i lokalnu stru\u010dnost i kombiniraju\u0107i je s najmodernijom tehnologijom, nastojimo oglasiti predstaviti Va\u0161u nekretninu na najbolji mogu\u0107i na\u010din i posti\u0107i maksimalnu vrijednost. &nbsp; &nbsp; MODERNA WEB STRANICA Kao dio na\u0161e stalne predanosti pru\u017eanju najboljih mogu\u0107ih usluga na\u0161im klijentima, imamo jednu od najnaprednijih [&hellip;]","og_url":"https:\/\/movecroatia.com\/hr\/marketing\/","og_site_name":"Move Croatia | Real estate agency","og_image":[{"width":1920,"height":800,"url":"https:\/\/movecroatia.com\/wp-content\/uploads\/2021\/05\/how_we_market_your_real_estate_in_croatia.png","type":"image\/png"}],"twitter_card":"summary_large_image","twitter_misc":{"Est. reading time":"2 minutes"},"schema":{"@context":"https:\/\/schema.org","@graph":[{"@type":"WebPage","@id":"https:\/\/movecroatia.com\/hr\/marketing\/","url":"https:\/\/movecroatia.com\/hr\/marketing\/","name":"Marketing i ogla\u0161avanje nekretnina Move Croatia | Real estate agency","isPartOf":{"@id":"https:\/\/movecroatia.com\/#website"},"primaryImageOfPage":{"@id":"https:\/\/movecroatia.com\/hr\/marketing\/#primaryimage"},"image":{"@id":"https:\/\/movecroatia.com\/hr\/marketing\/#primaryimage"},"thumbnailUrl":"https:\/\/movecroatia.com\/wp-content\/uploads\/2021\/05\/how_we_market_your_real_estate_in_croatia.png","datePublished":"2021-05-06T09:39:09+00:00","breadcrumb":{"@id":"https:\/\/movecroatia.com\/hr\/marketing\/#breadcrumb"},"inLanguage":"hr-HR","potentialAction":[{"@type":"ReadAction","target":["https:\/\/movecroatia.com\/hr\/marketing\/"]}]},{"@type":"ImageObject","inLanguage":"hr-HR","@id":"https:\/\/movecroatia.com\/hr\/marketing\/#primaryimage","url":"https:\/\/movecroatia.com\/wp-content\/uploads\/2021\/05\/how_we_market_your_real_estate_in_croatia.png","contentUrl":"https:\/\/movecroatia.com\/wp-content\/uploads\/2021\/05\/how_we_market_your_real_estate_in_croatia.png","width":1920,"height":800,"caption":"Marketing i ogla\u0161avanje nekretnina uz Move Croatia agenciju za nekretnine."},{"@type":"BreadcrumbList","@id":"https:\/\/movecroatia.com\/hr\/marketing\/#breadcrumb","itemListElement":[{"@type":"ListItem","position":1,"name":"Home","item":"https:\/\/movecroatia.com\/hr\/"},{"@type":"ListItem","position":2,"name":"Marketing"}]},{"@type":"WebSite","@id":"https:\/\/movecroatia.com\/#website","url":"https:\/\/movecroatia.com\/","name":"Move Croatia | Real estate agency","description":"Move Croatia is the leading real estate agency specialized in sales and marketing of properties in Croatia. Find the best properties for sale as well as property news from Croatia.","potentialAction":[{"@type":"SearchAction","target":{"@type":"EntryPoint","urlTemplate":"https:\/\/movecroatia.com\/?s={search_term_string}"},"query-input":{"@type":"PropertyValueSpecification","valueRequired":true,"valueName":"search_term_string"}}],"inLanguage":"hr-HR"}]}},"_links":{"self":[{"href":"https:\/\/movecroatia.com\/hr\/wp-json\/wp\/v2\/pages\/5997","targetHints":{"allow":["GET"]}}],"collection":[{"href":"https:\/\/movecroatia.com\/hr\/wp-json\/wp\/v2\/pages"}],"about":[{"href":"https:\/\/movecroatia.com\/hr\/wp-json\/wp\/v2\/types\/page"}],"author":[{"embeddable":true,"href":"https:\/\/movecroatia.com\/hr\/wp-json\/wp\/v2\/users\/3"}],"replies":[{"embeddable":true,"href":"https:\/\/movecroatia.com\/hr\/wp-json\/wp\/v2\/comments?post=5997"}],"version-history":[{"count":1,"href":"https:\/\/movecroatia.com\/hr\/wp-json\/wp\/v2\/pages\/5997\/revisions"}],"predecessor-version":[{"id":6000,"href":"https:\/\/movecroatia.com\/hr\/wp-json\/wp\/v2\/pages\/5997\/revisions\/6000"}],"wp:featuredmedia":[{"embeddable":true,"href":"https:\/\/movecroatia.com\/hr\/wp-json\/wp\/v2\/media\/5988"}],"wp:attachment":[{"href":"https:\/\/movecroatia.com\/hr\/wp-json\/wp\/v2\/media?parent=5997"}],"curies":[{"name":"wp","href":"https:\/\/api.w.org\/{rel}","templated":true}]}}