{"id":6009,"date":"2021-05-06T14:35:15","date_gmt":"2021-05-06T12:35:15","guid":{"rendered":"https:\/\/movecroatia.wink.hr\/?page_id=6009"},"modified":"2021-05-06T14:35:15","modified_gmt":"2021-05-06T12:35:15","slug":"prodaja-nekretnina","status":"publish","type":"page","link":"https:\/\/movecroatia.com\/hr\/prodaja-nekretnina\/","title":{"rendered":"Prodaja nekretnina"},"content":{"rendered":"<p style=\"text-align: center;\">Bez obzira prodajete li prvi put ili ste prodali jednu ili vi\u0161e nekretnina prije, mo\u017eete vjerovati tvrtki MoveCroatia da \u0107e vam pru\u017eiti prodajnu uslugu koja je bez premca. Neprestano nastojimo pru\u017eiti prijateljsku, profesionalnu i transparentnu uslugu svim na\u0161im klijentima.<\/p>\n<p>&nbsp;<\/p>\n<p><img loading=\"lazy\" decoding=\"async\" class=\"wp-image-6010 size-full aligncenter\" src=\"https:\/\/movecroatia.com\/wp-content\/uploads\/2021\/05\/profesionalno_oglasavanje_i_prodaja_nekretnina.png\" alt=\"\" width=\"1920\" height=\"800\" srcset=\"https:\/\/movecroatia.com\/wp-content\/uploads\/2021\/05\/profesionalno_oglasavanje_i_prodaja_nekretnina.png 1920w, https:\/\/movecroatia.com\/wp-content\/uploads\/2021\/05\/profesionalno_oglasavanje_i_prodaja_nekretnina-300x125.png 300w, https:\/\/movecroatia.com\/wp-content\/uploads\/2021\/05\/profesionalno_oglasavanje_i_prodaja_nekretnina-1024x427.png 1024w, https:\/\/movecroatia.com\/wp-content\/uploads\/2021\/05\/profesionalno_oglasavanje_i_prodaja_nekretnina-768x320.png 768w, https:\/\/movecroatia.com\/wp-content\/uploads\/2021\/05\/profesionalno_oglasavanje_i_prodaja_nekretnina-1536x640.png 1536w\" sizes=\"auto, (max-width: 1920px) 100vw, 1920px\" \/><\/p>\n<p>&nbsp;<\/p>\n<h3>TISU\u0106E REGISTRIRANIH KUPACA<\/h3>\n<p>Move Croatia redovito odr\u017eava sredi\u0161nju bazu podataka potencijalnih kupaca. Jednom kada objavimo Va\u0161u nekretninu odmah obavje\u0161tavamo potencijalnog kupca kojem odgovaraju obilje\u017eja Va\u0161e nekretnine. Tako\u0111er, na\u0161a mre\u017ea doma\u0107ih i me\u0111unarodnih partnera omogu\u0107uje nam ciljane kupaca \u0161irom Europe i ostatka svijeta.<\/p>\n<p>&nbsp;<\/p>\n<h3>PROFESIONALNA PREZENTACIJA NEKRETNINE<\/h3>\n<p>Vjerujemo da \u0107e nekretnina posti\u0107i svoj potencijal i pravu vrijednost samo ako se prika\u017ee i predstavi na pravi na\u010din. Prvi dojmovi uvijek su najva\u017eniji, a dobar prvi dojam zapo\u010dinje kvalitetnim on-line i offline marketingom.<\/p>\n<p>&nbsp;<\/p>\n<h3>DISKRETNO OGLA\u0160AVANJE<\/h3>\n<p>Za klijente koji bi radije izbjegli ogla\u0161avanje na svim portalima, mo\u017eemo pru\u017eiti uslugu diskretnog ogla\u0161avanja usmjerenu na ozbiljne kupce bez stavljanja na otvoreno tr\u017ei\u0161te.<\/p>\n<p>&nbsp;<\/p>\n<h3>GLOBALNI DOSEG<\/h3>\n<p>Movecroatia.com ima tisu\u0107e jedinstvenih posjeta svakog mjeseca. Osim na vlastitoj web stranici, va\u0161u nekretninu \u0107emo ogla\u0161avati i na vode\u0107im portalima za nekretnine u Europi i kod provjerenih partnerskih agencija koje s klijentima koji aktivno tra\u017ee domove i investicijske prilike u Hrvatskoj.<\/p>\n<p>&nbsp;<\/p>\n<h3>TRANSPARETNI UVJETI POSLOVANJA<\/h3>\n<p>Na\u0161a standardna naknada je 2,5% plus PDV za nekretninu koja se nudi u vi\u0161e agencija. Postotak se smanjuje na 2,0% plus PDV za ekskluzivni ugovor o zastupanju. Za razliku od ve\u0107ine agencija, mi smo spremni razmotriti prilago\u0111enu naknadu koja odgovara objema stranama.<\/p>\n<p>&nbsp;<\/p>\n<h3>REDOVITA IZVJE\u0160\u0106A<\/h3>\n<p>Mnoge agencije priop\u0107avaju prodavateljima nekretnina samo dobre vijesti. Povratne informacije o pregledima oglasa su klju\u010dne jer poma\u017eu u stvaranju slike onoga \u0161to potencijalni kupci misle o va\u0161em domu. Poku\u0161avamo kontaktirati svakog kupca kako bismo shvatili njegove misli i ideje. Uvijek \u0107ete dobiti pravovremene informacije, a ako potencijalni kupci ne poka\u017eu veliki interes za Va\u0161u nekretninu, savjetovat \u0107emo Vas o sljede\u0107im koracima &#8211; promjenama u na\u010dinu ogla\u0161avanja, korigiranju cijena i sl.<\/p>\n<p>&nbsp;<\/p>\n<h3>PROFESIONALNA I AKREDITIRANA AGENCIJA<\/h3>\n<p>Kao \u010dlanovi Hrvatske gospodarske komore mo\u017eete biti sigurni da imate posla s odgovornim, profesionalnim i reguliranim agencijom. Na\u0161im klijentima nudi se najvi\u0161a razina integriteta i usluga bez obzira kupujete li ili prodajete nekretnine.<\/p>\n<p>&nbsp;<\/p>\n<h3>TO\u010cNE PROCJENE<\/h3>\n<p>Budu\u0107i da dnevno pregledamo puno nekretnina i razgovaramo s puno kupaca i prodava\u010da, rado bismo dali iskreno mi\u0161ljenje o trenutnoj vrijednosti Va\u0161e imovine i o tome kako biste mogli pove\u0107ati njenu \u0161ansu za prodaju. Molimo Vas da stupite u kontakt ako \u017eelite da procijenimo va\u0161u imovinu.<\/p>\n<p>&nbsp;<\/p>\n<h3>OPSE\u017dAN MARKETING<\/h3>\n<p>Svi na\u0161i klijenti imaju na raspolaganju uslugu opse\u017enih marketin\u0161kih aktivnosti koje osiguravaju da njihove nekretnine budu izlo\u017eene u najboljem svjetlu velikom broju potencijalnih kupaca. Otkrijte kako bismo Vam mogli pomo\u0107i u <span style=\"color: #ff6600;\"><strong><a style=\"color: #ff6600;\" href=\"https:\/\/movecroatia.com\/hr\/marketing\/\">boljem ogla\u0161avanju nekretnine<\/a><\/strong><\/span>.<\/p>\n<p>&nbsp;<\/p>\n<h3>NA\u0160I PARTNERI<\/h3>\n<p><img loading=\"lazy\" decoding=\"async\" class=\"size-large wp-image-6007 aligncenter\" src=\"https:\/\/movecroatia.com\/wp-content\/uploads\/2021\/05\/move_croatia_partners-1024x427.png\" alt=\"\" width=\"790\" height=\"329\" srcset=\"https:\/\/movecroatia.com\/wp-content\/uploads\/2021\/05\/move_croatia_partners-1024x427.png 1024w, https:\/\/movecroatia.com\/wp-content\/uploads\/2021\/05\/move_croatia_partners-300x125.png 300w, https:\/\/movecroatia.com\/wp-content\/uploads\/2021\/05\/move_croatia_partners-768x320.png 768w, https:\/\/movecroatia.com\/wp-content\/uploads\/2021\/05\/move_croatia_partners-1536x640.png 1536w, https:\/\/movecroatia.com\/wp-content\/uploads\/2021\/05\/move_croatia_partners.png 1920w\" sizes=\"auto, (max-width: 790px) 100vw, 790px\" \/><\/p>\n","protected":false},"excerpt":{"rendered":"<p>Bez obzira prodajete li prvi put ili ste prodali jednu ili vi\u0161e nekretnina prije, mo\u017eete vjerovati tvrtki MoveCroatia da \u0107e vam pru\u017eiti prodajnu uslugu koja je bez premca. Neprestano nastojimo pru\u017eiti prijateljsku, profesionalnu i transparentnu uslugu svim na\u0161im klijentima. &nbsp; &nbsp; TISU\u0106E REGISTRIRANIH KUPACA Move Croatia redovito odr\u017eava sredi\u0161nju bazu podataka potencijalnih kupaca. Jednom kada [&hellip;]<\/p>\n","protected":false},"author":3,"featured_media":6002,"parent":0,"menu_order":0,"comment_status":"closed","ping_status":"closed","template":"service.php","meta":{"_acf_changed":false,"footnotes":""},"class_list":["post-6009","page","type-page","status-publish","has-post-thumbnail","hentry"],"acf":[],"yoast_head":"<!-- This site is optimized with the Yoast SEO plugin v27.2 - https:\/\/yoast.com\/product\/yoast-seo-wordpress\/ -->\n<title>Prodaja nekretnina - Move Croatia | Real estate agency<\/title>\n<meta name=\"robots\" content=\"index, follow, max-snippet:-1, max-image-preview:large, max-video-preview:-1\" \/>\n<link rel=\"canonical\" href=\"https:\/\/movecroatia.com\/hr\/prodaja-nekretnina\/\" \/>\n<meta property=\"og:locale\" content=\"hr_HR\" \/>\n<meta property=\"og:type\" content=\"article\" \/>\n<meta property=\"og:title\" content=\"Prodaja nekretnina - Move Croatia | Real estate agency\" \/>\n<meta property=\"og:description\" content=\"Bez obzira prodajete li prvi put ili ste prodali jednu ili vi\u0161e nekretnina prije, mo\u017eete vjerovati tvrtki MoveCroatia da \u0107e vam pru\u017eiti prodajnu uslugu koja je bez premca. Neprestano nastojimo pru\u017eiti prijateljsku, profesionalnu i transparentnu uslugu svim na\u0161im klijentima. &nbsp; &nbsp; TISU\u0106E REGISTRIRANIH KUPACA Move Croatia redovito odr\u017eava sredi\u0161nju bazu podataka potencijalnih kupaca. Jednom kada [&hellip;]\" \/>\n<meta property=\"og:url\" content=\"https:\/\/movecroatia.com\/hr\/prodaja-nekretnina\/\" \/>\n<meta property=\"og:site_name\" content=\"Move Croatia | Real estate agency\" \/>\n<meta property=\"og:image\" content=\"https:\/\/movecroatia.com\/wp-content\/uploads\/2021\/05\/sell_real_estate_in_croatia.png\" \/>\n\t<meta property=\"og:image:width\" content=\"1920\" \/>\n\t<meta property=\"og:image:height\" content=\"800\" \/>\n\t<meta property=\"og:image:type\" content=\"image\/png\" \/>\n<meta name=\"twitter:card\" content=\"summary_large_image\" \/>\n<meta name=\"twitter:label1\" content=\"Est. reading time\" \/>\n\t<meta name=\"twitter:data1\" content=\"3 minutes\" \/>\n<script type=\"application\/ld+json\" class=\"yoast-schema-graph\">{\"@context\":\"https:\/\/schema.org\",\"@graph\":[{\"@type\":\"WebPage\",\"@id\":\"https:\/\/movecroatia.com\/hr\/prodaja-nekretnina\/\",\"url\":\"https:\/\/movecroatia.com\/hr\/prodaja-nekretnina\/\",\"name\":\"Prodaja nekretnina - Move Croatia | Real estate agency\",\"isPartOf\":{\"@id\":\"https:\/\/movecroatia.com\/#website\"},\"primaryImageOfPage\":{\"@id\":\"https:\/\/movecroatia.com\/hr\/prodaja-nekretnina\/#primaryimage\"},\"image\":{\"@id\":\"https:\/\/movecroatia.com\/hr\/prodaja-nekretnina\/#primaryimage\"},\"thumbnailUrl\":\"https:\/\/movecroatia.com\/wp-content\/uploads\/2021\/05\/sell_real_estate_in_croatia.png\",\"datePublished\":\"2021-05-06T12:35:15+00:00\",\"breadcrumb\":{\"@id\":\"https:\/\/movecroatia.com\/hr\/prodaja-nekretnina\/#breadcrumb\"},\"inLanguage\":\"hr-HR\",\"potentialAction\":[{\"@type\":\"ReadAction\",\"target\":[\"https:\/\/movecroatia.com\/hr\/prodaja-nekretnina\/\"]}]},{\"@type\":\"ImageObject\",\"inLanguage\":\"hr-HR\",\"@id\":\"https:\/\/movecroatia.com\/hr\/prodaja-nekretnina\/#primaryimage\",\"url\":\"https:\/\/movecroatia.com\/wp-content\/uploads\/2021\/05\/sell_real_estate_in_croatia.png\",\"contentUrl\":\"https:\/\/movecroatia.com\/wp-content\/uploads\/2021\/05\/sell_real_estate_in_croatia.png\",\"width\":1920,\"height\":800,\"caption\":\"Infographic explainer on how to sell real estate in Croatia.\"},{\"@type\":\"BreadcrumbList\",\"@id\":\"https:\/\/movecroatia.com\/hr\/prodaja-nekretnina\/#breadcrumb\",\"itemListElement\":[{\"@type\":\"ListItem\",\"position\":1,\"name\":\"Home\",\"item\":\"https:\/\/movecroatia.com\/hr\/\"},{\"@type\":\"ListItem\",\"position\":2,\"name\":\"Prodaja nekretnina\"}]},{\"@type\":\"WebSite\",\"@id\":\"https:\/\/movecroatia.com\/#website\",\"url\":\"https:\/\/movecroatia.com\/\",\"name\":\"Move Croatia | Real estate agency\",\"description\":\"Move Croatia is the leading real estate agency specialized in sales and marketing of properties in Croatia. Find the best properties for sale as well as property news from Croatia.\",\"potentialAction\":[{\"@type\":\"SearchAction\",\"target\":{\"@type\":\"EntryPoint\",\"urlTemplate\":\"https:\/\/movecroatia.com\/?s={search_term_string}\"},\"query-input\":{\"@type\":\"PropertyValueSpecification\",\"valueRequired\":true,\"valueName\":\"search_term_string\"}}],\"inLanguage\":\"hr-HR\"}]}<\/script>\n<!-- \/ Yoast SEO plugin. -->","yoast_head_json":{"title":"Prodaja nekretnina - Move Croatia | Real estate agency","robots":{"index":"index","follow":"follow","max-snippet":"max-snippet:-1","max-image-preview":"max-image-preview:large","max-video-preview":"max-video-preview:-1"},"canonical":"https:\/\/movecroatia.com\/hr\/prodaja-nekretnina\/","og_locale":"hr_HR","og_type":"article","og_title":"Prodaja nekretnina - Move Croatia | Real estate agency","og_description":"Bez obzira prodajete li prvi put ili ste prodali jednu ili vi\u0161e nekretnina prije, mo\u017eete vjerovati tvrtki MoveCroatia da \u0107e vam pru\u017eiti prodajnu uslugu koja je bez premca. Neprestano nastojimo pru\u017eiti prijateljsku, profesionalnu i transparentnu uslugu svim na\u0161im klijentima. &nbsp; &nbsp; TISU\u0106E REGISTRIRANIH KUPACA Move Croatia redovito odr\u017eava sredi\u0161nju bazu podataka potencijalnih kupaca. Jednom kada [&hellip;]","og_url":"https:\/\/movecroatia.com\/hr\/prodaja-nekretnina\/","og_site_name":"Move Croatia | Real estate agency","og_image":[{"width":1920,"height":800,"url":"https:\/\/movecroatia.com\/wp-content\/uploads\/2021\/05\/sell_real_estate_in_croatia.png","type":"image\/png"}],"twitter_card":"summary_large_image","twitter_misc":{"Est. reading time":"3 minutes"},"schema":{"@context":"https:\/\/schema.org","@graph":[{"@type":"WebPage","@id":"https:\/\/movecroatia.com\/hr\/prodaja-nekretnina\/","url":"https:\/\/movecroatia.com\/hr\/prodaja-nekretnina\/","name":"Prodaja nekretnina - Move Croatia | Real estate agency","isPartOf":{"@id":"https:\/\/movecroatia.com\/#website"},"primaryImageOfPage":{"@id":"https:\/\/movecroatia.com\/hr\/prodaja-nekretnina\/#primaryimage"},"image":{"@id":"https:\/\/movecroatia.com\/hr\/prodaja-nekretnina\/#primaryimage"},"thumbnailUrl":"https:\/\/movecroatia.com\/wp-content\/uploads\/2021\/05\/sell_real_estate_in_croatia.png","datePublished":"2021-05-06T12:35:15+00:00","breadcrumb":{"@id":"https:\/\/movecroatia.com\/hr\/prodaja-nekretnina\/#breadcrumb"},"inLanguage":"hr-HR","potentialAction":[{"@type":"ReadAction","target":["https:\/\/movecroatia.com\/hr\/prodaja-nekretnina\/"]}]},{"@type":"ImageObject","inLanguage":"hr-HR","@id":"https:\/\/movecroatia.com\/hr\/prodaja-nekretnina\/#primaryimage","url":"https:\/\/movecroatia.com\/wp-content\/uploads\/2021\/05\/sell_real_estate_in_croatia.png","contentUrl":"https:\/\/movecroatia.com\/wp-content\/uploads\/2021\/05\/sell_real_estate_in_croatia.png","width":1920,"height":800,"caption":"Infographic explainer on how to sell real estate in Croatia."},{"@type":"BreadcrumbList","@id":"https:\/\/movecroatia.com\/hr\/prodaja-nekretnina\/#breadcrumb","itemListElement":[{"@type":"ListItem","position":1,"name":"Home","item":"https:\/\/movecroatia.com\/hr\/"},{"@type":"ListItem","position":2,"name":"Prodaja nekretnina"}]},{"@type":"WebSite","@id":"https:\/\/movecroatia.com\/#website","url":"https:\/\/movecroatia.com\/","name":"Move Croatia | Real estate agency","description":"Move Croatia is the leading real estate agency specialized in sales and marketing of properties in Croatia. Find the best properties for sale as well as property news from Croatia.","potentialAction":[{"@type":"SearchAction","target":{"@type":"EntryPoint","urlTemplate":"https:\/\/movecroatia.com\/?s={search_term_string}"},"query-input":{"@type":"PropertyValueSpecification","valueRequired":true,"valueName":"search_term_string"}}],"inLanguage":"hr-HR"}]}},"_links":{"self":[{"href":"https:\/\/movecroatia.com\/hr\/wp-json\/wp\/v2\/pages\/6009","targetHints":{"allow":["GET"]}}],"collection":[{"href":"https:\/\/movecroatia.com\/hr\/wp-json\/wp\/v2\/pages"}],"about":[{"href":"https:\/\/movecroatia.com\/hr\/wp-json\/wp\/v2\/types\/page"}],"author":[{"embeddable":true,"href":"https:\/\/movecroatia.com\/hr\/wp-json\/wp\/v2\/users\/3"}],"replies":[{"embeddable":true,"href":"https:\/\/movecroatia.com\/hr\/wp-json\/wp\/v2\/comments?post=6009"}],"version-history":[{"count":1,"href":"https:\/\/movecroatia.com\/hr\/wp-json\/wp\/v2\/pages\/6009\/revisions"}],"predecessor-version":[{"id":6012,"href":"https:\/\/movecroatia.com\/hr\/wp-json\/wp\/v2\/pages\/6009\/revisions\/6012"}],"wp:featuredmedia":[{"embeddable":true,"href":"https:\/\/movecroatia.com\/hr\/wp-json\/wp\/v2\/media\/6002"}],"wp:attachment":[{"href":"https:\/\/movecroatia.com\/hr\/wp-json\/wp\/v2\/media?parent=6009"}],"curies":[{"name":"wp","href":"https:\/\/api.w.org\/{rel}","templated":true}]}}