{"id":6123,"date":"2021-05-10T13:26:45","date_gmt":"2021-05-10T11:26:45","guid":{"rendered":"https:\/\/movecroatia.wink.hr\/?page_id=6123"},"modified":"2021-05-11T13:03:30","modified_gmt":"2021-05-11T11:03:30","slug":"kompletni-vodic-za-kupovinu-nekretnine-u-hrvatskoj","status":"publish","type":"page","link":"https:\/\/movecroatia.com\/hr\/kompletni-vodic-za-kupovinu-nekretnine-u-hrvatskoj\/","title":{"rendered":"Kako kupiti nekretninu u Hrvatskoj?"},"content":{"rendered":"<ul>\n<li><strong>Kompletni vodi\u010d korak-po-korak za kupovinu nekretnine u Hrvatskoj (za strane dr\u017eavljane)<\/strong><\/li>\n<\/ul>\n<p>&nbsp;<\/p>\n<p>Pod pretpostavkom da ste ve\u0107 prikupili potrebne informacije o \u017eivotu u Hrvatskoj i odlu\u010dili ste tamo kupiti nekretninu (za \u017eivot ili ulaganje u Hrvatskoj), mo\u017eda se pitate koji su sljede\u0107i koraci koje biste trebali poduzeti.<\/p>\n<p>Konkretno, htjeli biste znati je li postupak kupnje nekretnine u Hrvatskoj sli\u010dan onome u va\u0161oj zemlji i kolika bi bila cijena cijelog postupka. Ovaj vodi\u010d pomo\u0107i \u0107e vam da razumijete cijeli postupak kupnje nekretnine u Hrvatskoj.<\/p>\n<p>&nbsp;<\/p>\n<h2>Prona\u0111ite pouzdanu agenciju<\/h2>\n<figure id=\"attachment_6116\" aria-describedby=\"caption-attachment-6116\" style=\"width: 1200px\" class=\"wp-caption alignnone\"><img loading=\"lazy\" decoding=\"async\" class=\"wp-image-6116 size-full\" src=\"https:\/\/movecroatia.com\/wp-content\/uploads\/2021\/05\/finding_good_agents_will_ease_the_property_purchase_in_croatia.png\" alt=\"A team of eight people habing a meeting.\" width=\"1200\" height=\"800\" srcset=\"https:\/\/movecroatia.com\/wp-content\/uploads\/2021\/05\/finding_good_agents_will_ease_the_property_purchase_in_croatia.png 1200w, https:\/\/movecroatia.com\/wp-content\/uploads\/2021\/05\/finding_good_agents_will_ease_the_property_purchase_in_croatia-300x200.png 300w, https:\/\/movecroatia.com\/wp-content\/uploads\/2021\/05\/finding_good_agents_will_ease_the_property_purchase_in_croatia-1024x683.png 1024w, https:\/\/movecroatia.com\/wp-content\/uploads\/2021\/05\/finding_good_agents_will_ease_the_property_purchase_in_croatia-768x512.png 768w\" sizes=\"auto, (max-width: 1200px) 100vw, 1200px\" \/><figcaption id=\"caption-attachment-6116\" class=\"wp-caption-text\">Pouzdani agenti olak\u0161at \u0107e Vam postupak kupovine nekretnine u Hrvatskoj.<\/figcaption><\/figure>\n<p>&nbsp;<\/p>\n<p>Nakon \u0161to odaberete regiju u Hrvatskoj i savr\u0161enu nekretninu, trebali biste prona\u0107i i dobrog agenta. Razlog tome je \u0161to vas neke lokalne agencije mogu bolje voditi kroz cijeli postupak kupnje nekretnine u Hrvatskoj. Agenti tako\u0111er govore materinji jezik i upoznati su s tr\u017ei\u0161tem nekretnina i njegovim trendovima. Uz njihovu pomo\u0107 mogli biste ubrzati cijeli postupak. Prije nego \u0161to unajmite agenta, ne zaboravite istra\u017eiti agencije. Zapo\u010dnite s njihovim aktivnostima na web mjestu i dru\u0161tvenim mre\u017eama i uvijek provjerite recenzije.<\/p>\n<p>&nbsp;<\/p>\n<blockquote><p><span style=\"color: #ff6600;\">Napomena<\/span>: Anga\u017eiranje odvjetnika jedna je od stvari koje se najvi\u0161e zanemaruju tijekom kupnje ku\u0107e ili zemlji\u0161ta op\u0107enito. Pravni savjet trebao bi biti va\u017ean dio cijelog va\u0161eg plana kupovine. Neke od agencija za promet nekretninama u Hrvatskoj usko sura\u0111uju s pravnicima ili imaju pravni odjel specijaliziran za kupnju nekretnina u Hrvatskoj. To vrijedi samo ako ve\u0107 nemate odvjetnika.<\/p><\/blockquote>\n<p>&nbsp;<\/p>\n<p>Ako poznajete nekoga iz svoje zemlje koji je kupio nekretninu u Hrvatskoj, bilo bi dobro zamoliti tu osobu da podijeli iskustvo. Intervjuirajte agente iz razli\u010ditih agencija za promet nekretninama i provjerite jesu li licencirani. Mo\u017eete biti sigurni da je agencija pouzdana ako je dio Hrvatske gospodarske komore. Na web mjestu Hrvatske gospodarske komore mo\u017eete unijeti ime agenata ili agencija i provjeriti jesu li agencije ili agenti u registru. Na taj \u0107ete na\u010din izbje\u0107i potencijalne prevarante ili ilegalne agencije.<\/p>\n<p>&nbsp;<\/p>\n<h2>Tko mo\u017ee kupovati nekretnine prema Hrvatskim zakonima?<\/h2>\n<figure id=\"attachment_6114\" aria-describedby=\"caption-attachment-6114\" style=\"width: 1200px\" class=\"wp-caption alignnone\"><img loading=\"lazy\" decoding=\"async\" class=\"size-full wp-image-6114\" src=\"https:\/\/movecroatia.com\/wp-content\/uploads\/2021\/05\/can_foreign_citizens_buy_properties_in_croatia.png\" alt=\"White smartphone that shows a property on a real estate website.\" width=\"1200\" height=\"800\" srcset=\"https:\/\/movecroatia.com\/wp-content\/uploads\/2021\/05\/can_foreign_citizens_buy_properties_in_croatia.png 1200w, https:\/\/movecroatia.com\/wp-content\/uploads\/2021\/05\/can_foreign_citizens_buy_properties_in_croatia-300x200.png 300w, https:\/\/movecroatia.com\/wp-content\/uploads\/2021\/05\/can_foreign_citizens_buy_properties_in_croatia-1024x683.png 1024w, https:\/\/movecroatia.com\/wp-content\/uploads\/2021\/05\/can_foreign_citizens_buy_properties_in_croatia-768x512.png 768w\" sizes=\"auto, (max-width: 1200px) 100vw, 1200px\" \/><figcaption id=\"caption-attachment-6114\" class=\"wp-caption-text\">Gra\u0111ani iz EU-a mogu kupiti nekretninu na isti na\u010din kao i hrvatski dr\u017eavljani.<\/figcaption><\/figure>\n<p>&nbsp;<\/p>\n<p>Strani dr\u017eavljani mogu kupiti nekretnine u Hrvatskoj. Ali postoji jedna mala razlika. Razlika ovisi o tome dolazite li iz EU-a ili ne.<\/p>\n<p>&nbsp;<\/p>\n<h3>Kupovina nekretnina u Hrvatskoj za dr\u017eavljane zemalja iz Europske Unije<\/h3>\n<p>Strani dr\u017eavljani koji dolaze iz zemalja \u010dlanica Europske Unije mogu kupovati nekretnine na isti na\u010din kao i hrvatski dr\u017eavljani. Gra\u0111ani \u0160vicarske i Italije mogu se koristiti ovim pravilom ako se planiraju trajno preseliti u Hrvatsku.<\/p>\n<p>&nbsp;<\/p>\n<h3>Kupovina nekretnina u Hrvatskoj za dr\u017eavljane zemalja izvan Europske Unije<\/h3>\n<p>Ako dolazite iz zemlje <strong>izvan Europske unije<\/strong>, mo\u017eete kupiti nekretninu u Hrvatskoj prema <strong>Na\u010delu uzajamnosti<\/strong>. \u0160to to zna\u010di? Republika Hrvatska ima <strong>Sporazum o uzajamnosti<\/strong> s drugim zemljama. Takvi sporazumi reguliraju kupovinu nekretnina za gra\u0111ane Hrvatske i zemlje s kojima je Hrvatska sklopila sporazum. Ako dr\u017eava u kojoj ste registrirani (kao dr\u017eavljanin) ima ugovor s Hrvatskom, mo\u017eete kupiti nekretninu po pravilima definiranima u sporazumu.<\/p>\n<p>Na slu\u017ebenoj stranici <strong><a href=\"https:\/\/mpu.gov.hr\/\">Ministarstva pravosu\u0111a i uprave RH<\/a><\/strong> mo\u017eete saznati je li va\u0161a zemlja na popisu zemalja koji imaju sklopljen sporazum o uzajamnosti s Republikom Hrvatskom.<\/p>\n<h4>Koja je razlika kupovanja nekretnina u odnosu na dr\u017eavljane koji dolaze iz zemalja EU zone?<\/h4>\n<p>Razlika je u tome \u0161to \u0107e vam trebati suglasnost Ministarstva pravosu\u0111a u Republici Hrvatskoj. Bez tog dopu\u0161tenja ne\u0107ete mo\u0107i finalizirati kupnju. Cijeli postupak mo\u017ee trajati nekoliko mjeseci.<\/p>\n<p>Va\u017eno je imati na umu da <strong>samo hrvatski gra\u0111ani<\/strong> mogu kupiti poljoprivredno zemlji\u0161te i \u0161ume (strani dr\u017eavljani jo\u0161 uvijek ne mogu kupiti poljoprivredno zemlji\u0161te u Hrvatskoj &#8211; ovo \u0107e pravilo trajati do <strong>2023<\/strong>. godine).<\/p>\n<p>Sve dodatne informacije mo\u017eete prona\u0107i na slu\u017ebenoj stranici <a href=\"http:\/\/www.mvep.hr\/en\/\">Ministarstva vanjskih i europskih poslova<\/a> u Hrvatskoj.<\/p>\n<p>&nbsp;<\/p>\n<h3>Kako je Brexit utjecao na pravila o kupovini nekretnina u Hrvatskoj za gra\u0111ane Velike Britanije?<\/h3>\n<p>Svi dr\u017eavljani Velike Britanije koji \u017eive u Hrvatskoj prema zakonu EU-a i imaju privremeni ili stalni boravak, imaju pravo na kupnju nekretnine prema postoje\u0107im propisima. To zna\u010di da su prava gra\u0111ana Ujedinjenog Kraljevstva i dalje ista kao i prava gra\u0111ana EU-a. Sporazum o povla\u010denju utvr\u0111uje uvjete istupanja Velike Britanije iz EU i predvi\u0111a dogovor o pravima gra\u0111ana. Utvr\u0111uje prijelazno razdoblje koje traje do 31. prosinca 2020. Za to vrijeme mo\u017eete nastaviti \u017eivjeti, raditi i studirati u EU kao i prije 31. sije\u010dnja 2020.<\/p>\n<p>&nbsp;<\/p>\n<h3>Postoje li iznimke za dr\u017eavljane koji dolaze iz zemalja izvan EU zone?<\/h3>\n<p>Ako ne \u017eelite \u010dekati dozvolu i potvrdu od Ministarstva pravosu\u0111a Hrvatske, postoji jo\u0161 jedna mogu\u0107nost. Mo\u017eete osnovati tvrtku i kupiti nekretninu kao vlasni\u0161tvo tvrtke. Hrvatske tvrtke imaju jednaka prava kao i hrvatske pravne osobe bez obzira na dr\u017eavljanstvo osniva\u010da i vlasnika. Tvrtku u Hrvatskoj mogu osnovati gra\u0111ani iz cijelog svijeta.<\/p>\n<p>&nbsp;<\/p>\n<h3>Dokumenti koje morate prilo\u017eiti kada tra\u017eite suglasnost Ministarstva:<\/h3>\n<ul>\n<li>Osnova za kupnju nekretnine (Ugovor o kupoprodaji, Ugovor o poklonu itd.).<\/li>\n<li>Dokaz o vlasni\u0161tvu (zemlji\u0161na knjiga, potvrda &#8211; ne starija od 6 mjeseci).<\/li>\n<li>Potvrda (ne starija od 6 mjeseci) od \u017eupanijskog ureda mjesta u kojem se nalazi nekretnina<\/li>\n<li>Dokaz o dr\u017eavljanstvu za strane kupce (kopija putovnice) i dokaz o statusu pravne osobe.<\/li>\n<li>Dokaz o uplati poreza od 35 kuna za podno\u0161enje zahtjeva i 70 kuna za odluku o stjecanju nekretnina. Svako a\u017euriranje zahtjeva dopla\u0107uje se dodatnih 20 kuna.<\/li>\n<\/ul>\n<p>Adresa na koju biste trebali poslati zahtjev s dodatnim datotekama je <strong>Ulica grada Vukovara 49, 10000 Zagreb, Ministarstvo pravosu\u0111a Republike Hrvatske<\/strong><\/p>\n<p>&nbsp;<\/p>\n<h2>Pla\u0107ajte iznose u kunama<\/h2>\n<p>Na mnogim web stranicama ili oglasima mo\u017eete vidjeti cijenu nekretnina izra\u017eenu u eurima kao glavnu valutu. Hrvatska jo\u0161 uvijek nije dio sustava pla\u0107anja u Eurima. Glavna valuta je hrvatska kuna (HRK). Sva pla\u0107anja moraju se izvr\u0161iti u toj valuti u skladu sa zakonom. To se odnosi i na privatne osobe i na tvrtke (pravne osobe). Jedini na\u010din kupnje nekretnine u stranoj valuti je ako vi i prodava\u010d dolazite iz razli\u010ditih zemalja, a transakcija se odvija izvan Hrvatske. O\u010dekuje se da \u0107e Hrvatska zamijeniti kunu eurom do kraja 2021.<\/p>\n<p>&nbsp;<\/p>\n<h2>Mogu li strani dr\u017eavljani podignuti stambeni kredit u Hrvatskoj?<\/h2>\n<p>Dobivanje hipoteke ili kredita za kupnju ku\u0107e ili zemlji\u0161ta u Hrvatskoj ako ste strani dr\u017eavljanin nije lako. Prije odobravanja hipoteke, hrvatske banke \u017eele dodatna jamstva. Ako (kao strani dr\u017eavljanin) imate privremeni boravak u Hrvatskoj, malo je vjerojatno da \u0107ete dobiti odobrenje za hipoteku. Ako dobijete odobrenje, velika je vjerojatnost da \u0107ete dobiti manji dio tra\u017eenog iznosa. Najvjerojatnije \u0107ete biti odbijeni jer jo\u0161 uvijek niste dokazali svoju dugoro\u010dnu vezu sa dr\u017eavom i zbog toga vas banke vide kao rizik.<\/p>\n<p>Iznimka bi bila za gra\u0111ane EU-a s kojima bi se tehni\u010dki trebalo postupati kao s hrvatskim gra\u0111anima. Najbolji na\u010din da saznate ispunjavate li uvjete za hipoteku u Hrvatskoj je da izravno kontaktirate banke u Hrvatskoj. Evo popisa nekih od najve\u0107ih banaka u Hrvatskoj:<\/p>\n<ul>\n<li><span style=\"color: #ff6600;\"><a style=\"color: #ff6600;\" href=\"https:\/\/www.unicreditgroup.eu\/en\/worldwide\/our-worldwide-presence\/europe\/croatia\/zagrebacka-banka-dd.html\">Unicredit Zagreba\u010dka Banka<\/a><\/span><\/li>\n<li><span style=\"color: #ff6600;\"><a style=\"color: #ff6600;\" href=\"https:\/\/www.pbz.hr\/en\/gradjani\">PBZ Bank<\/a><\/span><\/li>\n<li><span style=\"color: #ff6600;\"><a style=\"color: #ff6600;\" href=\"https:\/\/www.erstebank.hr\/en\/private-clients\">Erste Bank<\/a><\/span><\/li>\n<li><span style=\"color: #ff6600;\"><a style=\"color: #ff6600;\" href=\"https:\/\/www.rba.hr\/en\/gradani\">Raiffeisen Bank<\/a><\/span><\/li>\n<li><span style=\"color: #ff6600;\"><a style=\"color: #ff6600;\" href=\"https:\/\/www.addiko.hr\/\">Addiko Bank<\/a><\/span><\/li>\n<\/ul>\n<p>&nbsp;<\/p>\n<h2>Novosti u kupovanju nekretnina u Hrvatskoj<\/h2>\n<p>Ministarstvo pravosu\u0111a dovr\u0161ilo je projekt web usluge povezivanja zemlji\u0161noknji\u017enih informacijskih sustava ZIS OSS (regulirane zemlje) i eNotar, u suradnji s Hrvatskom javnobilje\u017eni\u010dkom komorom. Ova novost sada \u0107e gra\u0111anima i pravnim osobama omogu\u0107iti da upis zemlji\u0161ta izvr\u0161e u jednom koraku.<\/p>\n<p>Donedavno je upis u zemlji\u0161ne knjige bila svojevrsna \u201eavantura\u201c kroz koju su gra\u0111ani prolazili obilaze\u0107i nekoliko institucija kako bi postigli \u017eeljenu registraciju. Sada je mogu\u0107e sve radnje obaviti odlaskom kod javnog bilje\u017enika jednom umjesto dosada\u0161nje prakse odlaska kod javnog bilje\u017enika, Porezne uprave i zemlji\u0161noknji\u017enog odjela Op\u0107inskog suda, izvijestila je je Hrvatska javnobilje\u017eni\u010dka komora (HJK).<\/p>\n<p>S ciljem pojednostavljenja i skra\u0107ivanja zemlji\u0161noknji\u017enog postupka, Ministarstvo pravosu\u0111a i Hrvatska javnobilje\u017eni\u010dka komora uspje\u0161no su povezali web uslugu (ra\u010dunalna aplikacija putem Interneta) s zemlji\u0161noknji\u017enim informacijskim sustavom (za \u0161to se koristi kratica ZIS-OSS ) i sredi\u0161nji informacijski sustav javnih bilje\u017enika &#8211; eNotar.<\/p>\n<p>&nbsp;<\/p>\n<h3>Korisne informacije za strane dr\u017eavljane koji kupuju nekretninu u Hrvatskoj prvi put<\/h3>\n<p><img loading=\"lazy\" decoding=\"async\" class=\"alignnone size-full wp-image-6118\" src=\"https:\/\/movecroatia.com\/wp-content\/uploads\/2021\/05\/more_tips_for_property_purchase_in_croatia-1.png\" alt=\"A man with a blue shirt writing notes on a white paper.\" width=\"1200\" height=\"800\" srcset=\"https:\/\/movecroatia.com\/wp-content\/uploads\/2021\/05\/more_tips_for_property_purchase_in_croatia-1.png 1200w, https:\/\/movecroatia.com\/wp-content\/uploads\/2021\/05\/more_tips_for_property_purchase_in_croatia-1-300x200.png 300w, https:\/\/movecroatia.com\/wp-content\/uploads\/2021\/05\/more_tips_for_property_purchase_in_croatia-1-1024x683.png 1024w, https:\/\/movecroatia.com\/wp-content\/uploads\/2021\/05\/more_tips_for_property_purchase_in_croatia-1-768x512.png 768w\" sizes=\"auto, (max-width: 1200px) 100vw, 1200px\" \/><\/p>\n<p>&nbsp;<\/p>\n<h3>\u0160to je OIB?<\/h3>\n<p>OIB je osobni identifikacijski broj. Hrvatski i strani dr\u017eavljani koji imaju bilo kakvih financijskih poslova u Hrvatskoj moraju imati svoj OIB. Ako imate bankovni ra\u010dun, pla\u0107ate porez i ra\u010dune za komunalne usluge, potreban vam je OIB. Potrebno je imati OIB ako \u017eelite kupiti nekretninu u Hrvatskoj. Nakon \u0161to predate zahtjev za identifikacijski broj, mo\u017eete ga dobiti u roku od nekoliko minuta, ovisno o tome koliko je zauzet ured u kojem se prijavljujete. Imati OIB va\u017eno je ako planirate potpisati ugovor u Hrvatskoj (OIB je obvezan element svakog ugovora u Hrvatskoj).<\/p>\n<p>&nbsp;<\/p>\n<h3>Kako otvoriti ra\u010dun u banci u Hrvatskoj?<\/h3>\n<p>Za otvaranje ra\u010duna trebat \u0107e Vam putovnica ili osobna iskaznica i Va\u0161 OIB. U Hrvatskoj morate osobno otvoriti bankovni ra\u010dun. Ve\u0107ina banaka ne \u0161alje lozinke i PIN kodove izvan Hrvatske. Tako\u0111er, vjerojatno biste morali potpisati dokumente koji se odnose va\u0161u privatnost i GDPR. Ako kupujete nekretninu, bilo bi po\u017eeljno da otvorite ra\u010dun u kunama i drugoj valuti po va\u0161em izboru.<\/p>\n<p>&nbsp;<\/p>\n<h3>Kako platiti porez na nekretnine u Hrvatskoj?<\/h3>\n<p>Porez na promet nekretnina mora se platiti u roku od 15 dana od primitka potvrde o porezu na promet nekretnina. Nova praksa koja je olak\u0161ala postupak je da sada javni bilje\u017enik mora registrirati ugovore o kupoprodaji kod Porezne uprave. Prije ove nove prakse, odvjetnik kupca bio je osoba odgovorna za ovaj zadatak.<\/p>\n<p><span style=\"color: #ff6600;\">Napomena<\/span>: Ako negdje pro\u010ditate re\u010denicu koja ka\u017ee: &#8220;<em>Nakon sklapanja ugovora o kupoprodaji kod javnog bilje\u017enika, imate 30 dana da registrirate sve dokumente ugovora o kupoprodaji kod poreznog tijela. Taj postupak obi\u010dno vodi punomo\u0107nik kupca<\/em>.&#8221; &#8211; trebali biste znati da je ova praksa zastarjela i da izvor koji ste pro\u010ditali nije a\u017eurirao podatke.<\/p>\n<p>Nakon predaje dokumenta, kupac ili njegov zastupnik primit \u0107e zahtjev za pla\u0107anje poreza, koji morate platiti u roku od 15 dana od datuma isporuke. Ako ne platite u zadanom roku, kamate \u0107e se napla\u0107ivati \u200b\u200bpo stopi od 17,5% za svaki sljede\u0107i dan dok se ne izvr\u0161i pla\u0107anje.<\/p>\n<p>&nbsp;<\/p>\n<p><span style=\"color: #ff6600;\">Izjava o odricanju odgovornosti<\/span>: <em>Svrha ovog \u010dlanka je pomo\u0107i vam da razumijete postupak kupnje nekretnine u Hrvatskoj i upoznati vas s tijelima koja Vam u tome mogu pomo\u0107i. Neke se pisane informacije mogu s vremenom promijeniti zbog primjene novih zakona i propisa. Zbog toga nas mo\u017eete kontaktirati u bilo kojem trenutku. Ako imate bilo kakvih pitanja u vezi s kupnjom nekretnina, ali niste sigurni jesu li podaci ili propisi, bit \u0107e nam drago pomo\u0107i Vam u istra\u017eivanju.<\/em><\/p>\n","protected":false},"excerpt":{"rendered":"<p>Kompletni vodi\u010d korak-po-korak za kupovinu nekretnine u Hrvatskoj (za strane dr\u017eavljane) &nbsp; Pod pretpostavkom da ste ve\u0107 prikupili potrebne informacije o \u017eivotu u Hrvatskoj i odlu\u010dili ste tamo kupiti nekretninu (za \u017eivot ili ulaganje u Hrvatskoj), mo\u017eda se pitate koji su sljede\u0107i koraci koje biste trebali poduzeti. Konkretno, htjeli biste znati je li postupak kupnje [&hellip;]<\/p>\n","protected":false},"author":3,"featured_media":6110,"parent":0,"menu_order":0,"comment_status":"closed","ping_status":"closed","template":"","meta":{"_acf_changed":false,"footnotes":""},"class_list":["post-6123","page","type-page","status-publish","has-post-thumbnail","hentry"],"acf":[],"yoast_head":"<!-- This site is optimized with the Yoast SEO plugin v27.2 - https:\/\/yoast.com\/product\/yoast-seo-wordpress\/ -->\n<title>Kako kupiti nekretninu u Hrvatskoj? - Move Croatia | Real estate agency<\/title>\n<meta name=\"robots\" content=\"index, follow, max-snippet:-1, max-image-preview:large, max-video-preview:-1\" \/>\n<link rel=\"canonical\" href=\"https:\/\/movecroatia.com\/hr\/kompletni-vodic-za-kupovinu-nekretnine-u-hrvatskoj\/\" \/>\n<meta property=\"og:locale\" content=\"hr_HR\" \/>\n<meta property=\"og:type\" content=\"article\" \/>\n<meta property=\"og:title\" content=\"Kako kupiti nekretninu u Hrvatskoj? - Move Croatia | Real estate agency\" \/>\n<meta property=\"og:description\" content=\"Kompletni vodi\u010d korak-po-korak za kupovinu nekretnine u Hrvatskoj (za strane dr\u017eavljane) &nbsp; Pod pretpostavkom da ste ve\u0107 prikupili potrebne informacije o \u017eivotu u Hrvatskoj i odlu\u010dili ste tamo kupiti nekretninu (za \u017eivot ili ulaganje u Hrvatskoj), mo\u017eda se pitate koji su sljede\u0107i koraci koje biste trebali poduzeti. Konkretno, htjeli biste znati je li postupak kupnje [&hellip;]\" \/>\n<meta property=\"og:url\" content=\"https:\/\/movecroatia.com\/hr\/kompletni-vodic-za-kupovinu-nekretnine-u-hrvatskoj\/\" \/>\n<meta property=\"og:site_name\" content=\"Move Croatia | Real estate agency\" \/>\n<meta property=\"article:modified_time\" content=\"2021-05-11T11:03:30+00:00\" \/>\n<meta property=\"og:image\" content=\"https:\/\/movecroatia.com\/wp-content\/uploads\/2021\/05\/a_complete_guide_for_buying_a_property_in_croatia.png\" \/>\n\t<meta property=\"og:image:width\" content=\"1920\" \/>\n\t<meta property=\"og:image:height\" content=\"800\" \/>\n\t<meta property=\"og:image:type\" content=\"image\/png\" \/>\n<meta name=\"twitter:card\" content=\"summary_large_image\" \/>\n<meta name=\"twitter:label1\" content=\"Est. reading time\" \/>\n\t<meta name=\"twitter:data1\" content=\"8 minutes\" \/>\n<script type=\"application\/ld+json\" class=\"yoast-schema-graph\">{\"@context\":\"https:\/\/schema.org\",\"@graph\":[{\"@type\":\"WebPage\",\"@id\":\"https:\/\/movecroatia.com\/hr\/kompletni-vodic-za-kupovinu-nekretnine-u-hrvatskoj\/\",\"url\":\"https:\/\/movecroatia.com\/hr\/kompletni-vodic-za-kupovinu-nekretnine-u-hrvatskoj\/\",\"name\":\"Kako kupiti nekretninu u Hrvatskoj? - Move Croatia | Real estate agency\",\"isPartOf\":{\"@id\":\"https:\/\/movecroatia.com\/#website\"},\"primaryImageOfPage\":{\"@id\":\"https:\/\/movecroatia.com\/hr\/kompletni-vodic-za-kupovinu-nekretnine-u-hrvatskoj\/#primaryimage\"},\"image\":{\"@id\":\"https:\/\/movecroatia.com\/hr\/kompletni-vodic-za-kupovinu-nekretnine-u-hrvatskoj\/#primaryimage\"},\"thumbnailUrl\":\"https:\/\/movecroatia.com\/wp-content\/uploads\/2021\/05\/a_complete_guide_for_buying_a_property_in_croatia.png\",\"datePublished\":\"2021-05-10T11:26:45+00:00\",\"dateModified\":\"2021-05-11T11:03:30+00:00\",\"breadcrumb\":{\"@id\":\"https:\/\/movecroatia.com\/hr\/kompletni-vodic-za-kupovinu-nekretnine-u-hrvatskoj\/#breadcrumb\"},\"inLanguage\":\"hr-HR\",\"potentialAction\":[{\"@type\":\"ReadAction\",\"target\":[\"https:\/\/movecroatia.com\/hr\/kompletni-vodic-za-kupovinu-nekretnine-u-hrvatskoj\/\"]}]},{\"@type\":\"ImageObject\",\"inLanguage\":\"hr-HR\",\"@id\":\"https:\/\/movecroatia.com\/hr\/kompletni-vodic-za-kupovinu-nekretnine-u-hrvatskoj\/#primaryimage\",\"url\":\"https:\/\/movecroatia.com\/wp-content\/uploads\/2021\/05\/a_complete_guide_for_buying_a_property_in_croatia.png\",\"contentUrl\":\"https:\/\/movecroatia.com\/wp-content\/uploads\/2021\/05\/a_complete_guide_for_buying_a_property_in_croatia.png\",\"width\":1920,\"height\":800},{\"@type\":\"BreadcrumbList\",\"@id\":\"https:\/\/movecroatia.com\/hr\/kompletni-vodic-za-kupovinu-nekretnine-u-hrvatskoj\/#breadcrumb\",\"itemListElement\":[{\"@type\":\"ListItem\",\"position\":1,\"name\":\"Home\",\"item\":\"https:\/\/movecroatia.com\/hr\/\"},{\"@type\":\"ListItem\",\"position\":2,\"name\":\"Kako kupiti nekretninu u Hrvatskoj?\"}]},{\"@type\":\"WebSite\",\"@id\":\"https:\/\/movecroatia.com\/#website\",\"url\":\"https:\/\/movecroatia.com\/\",\"name\":\"Move Croatia | Real estate agency\",\"description\":\"Move Croatia is the leading real estate agency specialized in sales and marketing of properties in Croatia. Find the best properties for sale as well as property news from Croatia.\",\"potentialAction\":[{\"@type\":\"SearchAction\",\"target\":{\"@type\":\"EntryPoint\",\"urlTemplate\":\"https:\/\/movecroatia.com\/?s={search_term_string}\"},\"query-input\":{\"@type\":\"PropertyValueSpecification\",\"valueRequired\":true,\"valueName\":\"search_term_string\"}}],\"inLanguage\":\"hr-HR\"}]}<\/script>\n<!-- \/ Yoast SEO plugin. -->","yoast_head_json":{"title":"Kako kupiti nekretninu u Hrvatskoj? - Move Croatia | Real estate agency","robots":{"index":"index","follow":"follow","max-snippet":"max-snippet:-1","max-image-preview":"max-image-preview:large","max-video-preview":"max-video-preview:-1"},"canonical":"https:\/\/movecroatia.com\/hr\/kompletni-vodic-za-kupovinu-nekretnine-u-hrvatskoj\/","og_locale":"hr_HR","og_type":"article","og_title":"Kako kupiti nekretninu u Hrvatskoj? - Move Croatia | Real estate agency","og_description":"Kompletni vodi\u010d korak-po-korak za kupovinu nekretnine u Hrvatskoj (za strane dr\u017eavljane) &nbsp; Pod pretpostavkom da ste ve\u0107 prikupili potrebne informacije o \u017eivotu u Hrvatskoj i odlu\u010dili ste tamo kupiti nekretninu (za \u017eivot ili ulaganje u Hrvatskoj), mo\u017eda se pitate koji su sljede\u0107i koraci koje biste trebali poduzeti. Konkretno, htjeli biste znati je li postupak kupnje [&hellip;]","og_url":"https:\/\/movecroatia.com\/hr\/kompletni-vodic-za-kupovinu-nekretnine-u-hrvatskoj\/","og_site_name":"Move Croatia | Real estate agency","article_modified_time":"2021-05-11T11:03:30+00:00","og_image":[{"width":1920,"height":800,"url":"https:\/\/movecroatia.com\/wp-content\/uploads\/2021\/05\/a_complete_guide_for_buying_a_property_in_croatia.png","type":"image\/png"}],"twitter_card":"summary_large_image","twitter_misc":{"Est. reading time":"8 minutes"},"schema":{"@context":"https:\/\/schema.org","@graph":[{"@type":"WebPage","@id":"https:\/\/movecroatia.com\/hr\/kompletni-vodic-za-kupovinu-nekretnine-u-hrvatskoj\/","url":"https:\/\/movecroatia.com\/hr\/kompletni-vodic-za-kupovinu-nekretnine-u-hrvatskoj\/","name":"Kako kupiti nekretninu u Hrvatskoj? - Move Croatia | Real estate agency","isPartOf":{"@id":"https:\/\/movecroatia.com\/#website"},"primaryImageOfPage":{"@id":"https:\/\/movecroatia.com\/hr\/kompletni-vodic-za-kupovinu-nekretnine-u-hrvatskoj\/#primaryimage"},"image":{"@id":"https:\/\/movecroatia.com\/hr\/kompletni-vodic-za-kupovinu-nekretnine-u-hrvatskoj\/#primaryimage"},"thumbnailUrl":"https:\/\/movecroatia.com\/wp-content\/uploads\/2021\/05\/a_complete_guide_for_buying_a_property_in_croatia.png","datePublished":"2021-05-10T11:26:45+00:00","dateModified":"2021-05-11T11:03:30+00:00","breadcrumb":{"@id":"https:\/\/movecroatia.com\/hr\/kompletni-vodic-za-kupovinu-nekretnine-u-hrvatskoj\/#breadcrumb"},"inLanguage":"hr-HR","potentialAction":[{"@type":"ReadAction","target":["https:\/\/movecroatia.com\/hr\/kompletni-vodic-za-kupovinu-nekretnine-u-hrvatskoj\/"]}]},{"@type":"ImageObject","inLanguage":"hr-HR","@id":"https:\/\/movecroatia.com\/hr\/kompletni-vodic-za-kupovinu-nekretnine-u-hrvatskoj\/#primaryimage","url":"https:\/\/movecroatia.com\/wp-content\/uploads\/2021\/05\/a_complete_guide_for_buying_a_property_in_croatia.png","contentUrl":"https:\/\/movecroatia.com\/wp-content\/uploads\/2021\/05\/a_complete_guide_for_buying_a_property_in_croatia.png","width":1920,"height":800},{"@type":"BreadcrumbList","@id":"https:\/\/movecroatia.com\/hr\/kompletni-vodic-za-kupovinu-nekretnine-u-hrvatskoj\/#breadcrumb","itemListElement":[{"@type":"ListItem","position":1,"name":"Home","item":"https:\/\/movecroatia.com\/hr\/"},{"@type":"ListItem","position":2,"name":"Kako kupiti nekretninu u Hrvatskoj?"}]},{"@type":"WebSite","@id":"https:\/\/movecroatia.com\/#website","url":"https:\/\/movecroatia.com\/","name":"Move Croatia | Real estate agency","description":"Move Croatia is the leading real estate agency specialized in sales and marketing of properties in Croatia. Find the best properties for sale as well as property news from Croatia.","potentialAction":[{"@type":"SearchAction","target":{"@type":"EntryPoint","urlTemplate":"https:\/\/movecroatia.com\/?s={search_term_string}"},"query-input":{"@type":"PropertyValueSpecification","valueRequired":true,"valueName":"search_term_string"}}],"inLanguage":"hr-HR"}]}},"_links":{"self":[{"href":"https:\/\/movecroatia.com\/hr\/wp-json\/wp\/v2\/pages\/6123","targetHints":{"allow":["GET"]}}],"collection":[{"href":"https:\/\/movecroatia.com\/hr\/wp-json\/wp\/v2\/pages"}],"about":[{"href":"https:\/\/movecroatia.com\/hr\/wp-json\/wp\/v2\/types\/page"}],"author":[{"embeddable":true,"href":"https:\/\/movecroatia.com\/hr\/wp-json\/wp\/v2\/users\/3"}],"replies":[{"embeddable":true,"href":"https:\/\/movecroatia.com\/hr\/wp-json\/wp\/v2\/comments?post=6123"}],"version-history":[{"count":3,"href":"https:\/\/movecroatia.com\/hr\/wp-json\/wp\/v2\/pages\/6123\/revisions"}],"predecessor-version":[{"id":6171,"href":"https:\/\/movecroatia.com\/hr\/wp-json\/wp\/v2\/pages\/6123\/revisions\/6171"}],"wp:featuredmedia":[{"embeddable":true,"href":"https:\/\/movecroatia.com\/hr\/wp-json\/wp\/v2\/media\/6110"}],"wp:attachment":[{"href":"https:\/\/movecroatia.com\/hr\/wp-json\/wp\/v2\/media?parent=6123"}],"curies":[{"name":"wp","href":"https:\/\/api.w.org\/{rel}","templated":true}]}}